{"id":36888,"date":"2023-03-28T06:51:15","date_gmt":"2023-03-28T04:51:15","guid":{"rendered":"http:\/\/gardeon.pl\/?page_id=36888"},"modified":"2026-04-24T13:47:57","modified_gmt":"2026-04-24T11:47:57","slug":"proc-si-vybrat-gardeon","status":"publish","type":"page","link":"https:\/\/gardeon.pl\/cs\/proc-si-vybrat-gardeon\/","title":{"rendered":"10 dobr\u00fdch d\u016fvod\u016f, pro\u010d si vybrat GARDEON"},"content":{"rendered":"","protected":false},"excerpt":{"rendered":"","protected":false},"author":2,"featured_media":0,"parent":0,"menu_order":0,"comment_status":"closed","ping_status":"closed","template":"","meta":{"_acf_changed":false,"inline_featured_image":false,"footnotes":""},"class_list":["post-36888","page","type-page","status-publish","hentry"],"acf":[],"yoast_head":"<!-- This site is optimized with the Yoast SEO plugin v27.4 - https:\/\/yoast.com\/product\/yoast-seo-wordpress\/ -->\n<title>10 dobr\u00fdch d\u016fvod\u016f, pro\u010d si vybrat GARDEON | GARDEON<\/title>\n<meta name=\"robots\" content=\"index, follow, max-snippet:-1, max-image-preview:large, max-video-preview:-1\" \/>\n<link rel=\"canonical\" href=\"https:\/\/gardeon.pl\/cs\/proc-si-vybrat-gardeon\/\" \/>\n<meta property=\"og:locale\" content=\"cs_CZ\" \/>\n<meta property=\"og:type\" content=\"article\" \/>\n<meta property=\"og:title\" content=\"10 dobr\u00fdch d\u016fvod\u016f, pro\u010d si vybrat GARDEON | GARDEON\" \/>\n<meta property=\"og:url\" content=\"https:\/\/gardeon.pl\/cs\/proc-si-vybrat-gardeon\/\" \/>\n<meta property=\"og:site_name\" content=\"GARDEON\" \/>\n<meta property=\"article:modified_time\" content=\"2026-04-24T11:47:57+00:00\" \/>\n<meta property=\"og:image\" content=\"https:\/\/gardeon.pl\/wp-content\/uploads\/2022\/12\/gardeon-background-2-scaled.jpeg\" \/>\n\t<meta property=\"og:image:width\" content=\"2560\" \/>\n\t<meta property=\"og:image:height\" content=\"1440\" \/>\n\t<meta property=\"og:image:type\" content=\"image\/jpeg\" \/>\n<meta name=\"twitter:card\" content=\"summary_large_image\" \/>\n<script type=\"application\/ld+json\" class=\"yoast-schema-graph\">{\"@context\":\"https:\\\/\\\/schema.org\",\"@graph\":[{\"@type\":\"WebPage\",\"@id\":\"https:\\\/\\\/gardeon.pl\\\/cs\\\/proc-si-vybrat-gardeon\\\/\",\"url\":\"https:\\\/\\\/gardeon.pl\\\/cs\\\/proc-si-vybrat-gardeon\\\/\",\"name\":\"10 dobr\u00fdch d\u016fvod\u016f, pro\u010d si vybrat GARDEON | GARDEON\",\"isPartOf\":{\"@id\":\"https:\\\/\\\/gardeon.pl\\\/#website\"},\"datePublished\":\"2023-03-28T04:51:15+00:00\",\"dateModified\":\"2026-04-24T11:47:57+00:00\",\"breadcrumb\":{\"@id\":\"https:\\\/\\\/gardeon.pl\\\/cs\\\/proc-si-vybrat-gardeon\\\/#breadcrumb\"},\"inLanguage\":\"cs\",\"potentialAction\":[{\"@type\":\"ReadAction\",\"target\":[\"https:\\\/\\\/gardeon.pl\\\/cs\\\/proc-si-vybrat-gardeon\\\/\"]}]},{\"@type\":\"BreadcrumbList\",\"@id\":\"https:\\\/\\\/gardeon.pl\\\/cs\\\/proc-si-vybrat-gardeon\\\/#breadcrumb\",\"itemListElement\":[{\"@type\":\"ListItem\",\"position\":1,\"name\":\"Domov\",\"item\":\"https:\\\/\\\/gardeon.pl\\\/\"},{\"@type\":\"ListItem\",\"position\":2,\"name\":\"10 dobr\u00fdch d\u016fvod\u016f, pro\u010d si vybrat GARDEON\"}]},{\"@type\":\"WebSite\",\"@id\":\"https:\\\/\\\/gardeon.pl\\\/#website\",\"url\":\"https:\\\/\\\/gardeon.pl\\\/\",\"name\":\"GARDEON\",\"description\":\"\",\"potentialAction\":[{\"@type\":\"SearchAction\",\"target\":{\"@type\":\"EntryPoint\",\"urlTemplate\":\"https:\\\/\\\/gardeon.pl\\\/?s={search_term_string}\"},\"query-input\":{\"@type\":\"PropertyValueSpecification\",\"valueRequired\":true,\"valueName\":\"search_term_string\"}}],\"inLanguage\":\"cs\"}]}<\/script>\n<!-- \/ Yoast SEO plugin. -->","yoast_head_json":{"title":"10 dobr\u00fdch d\u016fvod\u016f, pro\u010d si vybrat GARDEON | GARDEON","robots":{"index":"index","follow":"follow","max-snippet":"max-snippet:-1","max-image-preview":"max-image-preview:large","max-video-preview":"max-video-preview:-1"},"canonical":"https:\/\/gardeon.pl\/cs\/proc-si-vybrat-gardeon\/","og_locale":"cs_CZ","og_type":"article","og_title":"10 dobr\u00fdch d\u016fvod\u016f, pro\u010d si vybrat GARDEON | GARDEON","og_url":"https:\/\/gardeon.pl\/cs\/proc-si-vybrat-gardeon\/","og_site_name":"GARDEON","article_modified_time":"2026-04-24T11:47:57+00:00","og_image":[{"width":2560,"height":1440,"url":"https:\/\/gardeon.pl\/wp-content\/uploads\/2022\/12\/gardeon-background-2-scaled.jpeg","type":"image\/jpeg"}],"twitter_card":"summary_large_image","schema":{"@context":"https:\/\/schema.org","@graph":[{"@type":"WebPage","@id":"https:\/\/gardeon.pl\/cs\/proc-si-vybrat-gardeon\/","url":"https:\/\/gardeon.pl\/cs\/proc-si-vybrat-gardeon\/","name":"10 dobr\u00fdch d\u016fvod\u016f, pro\u010d si vybrat GARDEON | GARDEON","isPartOf":{"@id":"https:\/\/gardeon.pl\/#website"},"datePublished":"2023-03-28T04:51:15+00:00","dateModified":"2026-04-24T11:47:57+00:00","breadcrumb":{"@id":"https:\/\/gardeon.pl\/cs\/proc-si-vybrat-gardeon\/#breadcrumb"},"inLanguage":"cs","potentialAction":[{"@type":"ReadAction","target":["https:\/\/gardeon.pl\/cs\/proc-si-vybrat-gardeon\/"]}]},{"@type":"BreadcrumbList","@id":"https:\/\/gardeon.pl\/cs\/proc-si-vybrat-gardeon\/#breadcrumb","itemListElement":[{"@type":"ListItem","position":1,"name":"Domov","item":"https:\/\/gardeon.pl\/"},{"@type":"ListItem","position":2,"name":"10 dobr\u00fdch d\u016fvod\u016f, pro\u010d si vybrat GARDEON"}]},{"@type":"WebSite","@id":"https:\/\/gardeon.pl\/#website","url":"https:\/\/gardeon.pl\/","name":"GARDEON","description":"","potentialAction":[{"@type":"SearchAction","target":{"@type":"EntryPoint","urlTemplate":"https:\/\/gardeon.pl\/?s={search_term_string}"},"query-input":{"@type":"PropertyValueSpecification","valueRequired":true,"valueName":"search_term_string"}}],"inLanguage":"cs"}]}},"_links":{"self":[{"href":"https:\/\/gardeon.pl\/cs\/wp-json\/wp\/v2\/pages\/36888","targetHints":{"allow":["GET"]}}],"collection":[{"href":"https:\/\/gardeon.pl\/cs\/wp-json\/wp\/v2\/pages"}],"about":[{"href":"https:\/\/gardeon.pl\/cs\/wp-json\/wp\/v2\/types\/page"}],"author":[{"embeddable":true,"href":"https:\/\/gardeon.pl\/cs\/wp-json\/wp\/v2\/users\/2"}],"replies":[{"embeddable":true,"href":"https:\/\/gardeon.pl\/cs\/wp-json\/wp\/v2\/comments?post=36888"}],"version-history":[{"count":0,"href":"https:\/\/gardeon.pl\/cs\/wp-json\/wp\/v2\/pages\/36888\/revisions"}],"wp:attachment":[{"href":"https:\/\/gardeon.pl\/cs\/wp-json\/wp\/v2\/media?parent=36888"}],"curies":[{"name":"wp","href":"https:\/\/api.w.org\/{rel}","templated":true}]}}