{"id":48747,"date":"2026-04-23T18:10:25","date_gmt":"2026-04-23T16:10:25","guid":{"rendered":"https:\/\/gardeon.pl\/jak-uszczelnic-domek-ogrodowy\/"},"modified":"2026-04-25T10:37:49","modified_gmt":"2026-04-25T08:37:49","slug":"jak-uszczelnic-domek-ogrodowy","status":"publish","type":"page","link":"https:\/\/gardeon.pl\/pl\/domki-ogrodowe-na-narzedzia\/co-mozemy-dla-panstwa-zrobic\/jak-uszczelnic-domek-ogrodowy\/","title":{"rendered":"Jak uszczelni\u0107 domek ogrodowy?"},"content":{"rendered":"","protected":false},"excerpt":{"rendered":"","protected":false},"author":1,"featured_media":0,"parent":48787,"menu_order":0,"comment_status":"closed","ping_status":"closed","template":"page-sidebar.php","meta":{"_acf_changed":false,"inline_featured_image":false,"footnotes":""},"class_list":["post-48747","page","type-page","status-publish","hentry"],"acf":[],"yoast_head":"<!-- This site is optimized with the Yoast SEO plugin v27.4 - https:\/\/yoast.com\/product\/yoast-seo-wordpress\/ -->\n<title>Jak uszczelni\u0107 domek ogrodowy? | GARDEON<\/title>\n<meta name=\"description\" content=\"Jak samodzielnie wyr\u00f3wna\u0107 i uszczelni\u0107 p\u0142yt\u0119 betonow\u0105 lub kostk\u0119 brukow\u0105? O czym nale\u017cy pami\u0119ta\u0107 po monta\u017cu domku ogrodowego?\" \/>\n<meta name=\"robots\" content=\"index, follow, max-snippet:-1, max-image-preview:large, max-video-preview:-1\" \/>\n<link rel=\"canonical\" href=\"https:\/\/gardeon.pl\/pl\/domki-ogrodowe-na-narzedzia\/co-mozemy-dla-panstwa-zrobic\/jak-uszczelnic-domek-ogrodowy\/\" \/>\n<meta property=\"og:locale\" content=\"pl_PL\" \/>\n<meta property=\"og:type\" content=\"article\" \/>\n<meta property=\"og:title\" content=\"Jak uszczelni\u0107 domek ogrodowy? | GARDEON\" \/>\n<meta property=\"og:description\" content=\"Jak samodzielnie wyr\u00f3wna\u0107 i uszczelni\u0107 p\u0142yt\u0119 betonow\u0105 lub kostk\u0119 brukow\u0105? O czym nale\u017cy pami\u0119ta\u0107 po monta\u017cu domku ogrodowego?\" \/>\n<meta property=\"og:url\" content=\"https:\/\/gardeon.pl\/pl\/domki-ogrodowe-na-narzedzia\/co-mozemy-dla-panstwa-zrobic\/jak-uszczelnic-domek-ogrodowy\/\" \/>\n<meta property=\"og:site_name\" content=\"GARDEON\" \/>\n<meta property=\"article:modified_time\" content=\"2026-04-25T08:37:49+00:00\" \/>\n<meta property=\"og:image\" content=\"https:\/\/gardeon.pl\/wp-content\/uploads\/2022\/12\/gardeon-background-2-scaled.jpeg\" \/>\n\t<meta property=\"og:image:width\" content=\"2560\" \/>\n\t<meta property=\"og:image:height\" content=\"1440\" \/>\n\t<meta property=\"og:image:type\" content=\"image\/jpeg\" \/>\n<meta name=\"twitter:card\" content=\"summary_large_image\" \/>\n<script type=\"application\/ld+json\" class=\"yoast-schema-graph\">{\"@context\":\"https:\\\/\\\/schema.org\",\"@graph\":[{\"@type\":\"WebPage\",\"@id\":\"https:\\\/\\\/gardeon.pl\\\/pl\\\/domki-ogrodowe-na-narzedzia\\\/co-mozemy-dla-panstwa-zrobic\\\/jak-uszczelnic-domek-ogrodowy\\\/\",\"url\":\"https:\\\/\\\/gardeon.pl\\\/pl\\\/domki-ogrodowe-na-narzedzia\\\/co-mozemy-dla-panstwa-zrobic\\\/jak-uszczelnic-domek-ogrodowy\\\/\",\"name\":\"Jak uszczelni\u0107 domek ogrodowy? | GARDEON\",\"isPartOf\":{\"@id\":\"https:\\\/\\\/gardeon.pl\\\/#website\"},\"datePublished\":\"2026-04-23T16:10:25+00:00\",\"dateModified\":\"2026-04-25T08:37:49+00:00\",\"description\":\"Jak samodzielnie wyr\u00f3wna\u0107 i uszczelni\u0107 p\u0142yt\u0119 betonow\u0105 lub kostk\u0119 brukow\u0105? O czym nale\u017cy pami\u0119ta\u0107 po monta\u017cu domku ogrodowego?\",\"breadcrumb\":{\"@id\":\"https:\\\/\\\/gardeon.pl\\\/pl\\\/domki-ogrodowe-na-narzedzia\\\/co-mozemy-dla-panstwa-zrobic\\\/jak-uszczelnic-domek-ogrodowy\\\/#breadcrumb\"},\"inLanguage\":\"pl-PL\",\"potentialAction\":[{\"@type\":\"ReadAction\",\"target\":[\"https:\\\/\\\/gardeon.pl\\\/pl\\\/domki-ogrodowe-na-narzedzia\\\/co-mozemy-dla-panstwa-zrobic\\\/jak-uszczelnic-domek-ogrodowy\\\/\"]}]},{\"@type\":\"BreadcrumbList\",\"@id\":\"https:\\\/\\\/gardeon.pl\\\/pl\\\/domki-ogrodowe-na-narzedzia\\\/co-mozemy-dla-panstwa-zrobic\\\/jak-uszczelnic-domek-ogrodowy\\\/#breadcrumb\",\"itemListElement\":[{\"@type\":\"ListItem\",\"position\":1,\"name\":\"Domov\",\"item\":\"https:\\\/\\\/gardeon.pl\\\/pl\\\/\"},{\"@type\":\"ListItem\",\"position\":2,\"name\":\"Domki ogrodowe na narz\u0119dzia\",\"item\":\"https:\\\/\\\/gardeon.pl\\\/pl\\\/domki-ogrodowe-na-narzedzia\\\/\"},{\"@type\":\"ListItem\",\"position\":3,\"name\":\"Co mo\u017cemy dla Pa\u0144stwa zrobi\u0107?\",\"item\":\"https:\\\/\\\/gardeon.pl\\\/pl\\\/domki-ogrodowe-na-narzedzia\\\/co-mozemy-dla-panstwa-zrobic\\\/\"},{\"@type\":\"ListItem\",\"position\":4,\"name\":\"Jak uszczelni\u0107 domek ogrodowy?\"}]},{\"@type\":\"WebSite\",\"@id\":\"https:\\\/\\\/gardeon.pl\\\/#website\",\"url\":\"https:\\\/\\\/gardeon.pl\\\/\",\"name\":\"GARDEON\",\"description\":\"\",\"potentialAction\":[{\"@type\":\"SearchAction\",\"target\":{\"@type\":\"EntryPoint\",\"urlTemplate\":\"https:\\\/\\\/gardeon.pl\\\/?s={search_term_string}\"},\"query-input\":{\"@type\":\"PropertyValueSpecification\",\"valueRequired\":true,\"valueName\":\"search_term_string\"}}],\"inLanguage\":\"pl-PL\"}]}<\/script>\n<!-- \/ Yoast SEO plugin. -->","yoast_head_json":{"title":"Jak uszczelni\u0107 domek ogrodowy? | GARDEON","description":"Jak samodzielnie wyr\u00f3wna\u0107 i uszczelni\u0107 p\u0142yt\u0119 betonow\u0105 lub kostk\u0119 brukow\u0105? O czym nale\u017cy pami\u0119ta\u0107 po monta\u017cu domku ogrodowego?","robots":{"index":"index","follow":"follow","max-snippet":"max-snippet:-1","max-image-preview":"max-image-preview:large","max-video-preview":"max-video-preview:-1"},"canonical":"https:\/\/gardeon.pl\/pl\/domki-ogrodowe-na-narzedzia\/co-mozemy-dla-panstwa-zrobic\/jak-uszczelnic-domek-ogrodowy\/","og_locale":"pl_PL","og_type":"article","og_title":"Jak uszczelni\u0107 domek ogrodowy? | GARDEON","og_description":"Jak samodzielnie wyr\u00f3wna\u0107 i uszczelni\u0107 p\u0142yt\u0119 betonow\u0105 lub kostk\u0119 brukow\u0105? O czym nale\u017cy pami\u0119ta\u0107 po monta\u017cu domku ogrodowego?","og_url":"https:\/\/gardeon.pl\/pl\/domki-ogrodowe-na-narzedzia\/co-mozemy-dla-panstwa-zrobic\/jak-uszczelnic-domek-ogrodowy\/","og_site_name":"GARDEON","article_modified_time":"2026-04-25T08:37:49+00:00","og_image":[{"width":2560,"height":1440,"url":"https:\/\/gardeon.pl\/wp-content\/uploads\/2022\/12\/gardeon-background-2-scaled.jpeg","type":"image\/jpeg"}],"twitter_card":"summary_large_image","schema":{"@context":"https:\/\/schema.org","@graph":[{"@type":"WebPage","@id":"https:\/\/gardeon.pl\/pl\/domki-ogrodowe-na-narzedzia\/co-mozemy-dla-panstwa-zrobic\/jak-uszczelnic-domek-ogrodowy\/","url":"https:\/\/gardeon.pl\/pl\/domki-ogrodowe-na-narzedzia\/co-mozemy-dla-panstwa-zrobic\/jak-uszczelnic-domek-ogrodowy\/","name":"Jak uszczelni\u0107 domek ogrodowy? | GARDEON","isPartOf":{"@id":"https:\/\/gardeon.pl\/#website"},"datePublished":"2026-04-23T16:10:25+00:00","dateModified":"2026-04-25T08:37:49+00:00","description":"Jak samodzielnie wyr\u00f3wna\u0107 i uszczelni\u0107 p\u0142yt\u0119 betonow\u0105 lub kostk\u0119 brukow\u0105? O czym nale\u017cy pami\u0119ta\u0107 po monta\u017cu domku ogrodowego?","breadcrumb":{"@id":"https:\/\/gardeon.pl\/pl\/domki-ogrodowe-na-narzedzia\/co-mozemy-dla-panstwa-zrobic\/jak-uszczelnic-domek-ogrodowy\/#breadcrumb"},"inLanguage":"pl-PL","potentialAction":[{"@type":"ReadAction","target":["https:\/\/gardeon.pl\/pl\/domki-ogrodowe-na-narzedzia\/co-mozemy-dla-panstwa-zrobic\/jak-uszczelnic-domek-ogrodowy\/"]}]},{"@type":"BreadcrumbList","@id":"https:\/\/gardeon.pl\/pl\/domki-ogrodowe-na-narzedzia\/co-mozemy-dla-panstwa-zrobic\/jak-uszczelnic-domek-ogrodowy\/#breadcrumb","itemListElement":[{"@type":"ListItem","position":1,"name":"Domov","item":"https:\/\/gardeon.pl\/pl\/"},{"@type":"ListItem","position":2,"name":"Domki ogrodowe na narz\u0119dzia","item":"https:\/\/gardeon.pl\/pl\/domki-ogrodowe-na-narzedzia\/"},{"@type":"ListItem","position":3,"name":"Co mo\u017cemy dla Pa\u0144stwa zrobi\u0107?","item":"https:\/\/gardeon.pl\/pl\/domki-ogrodowe-na-narzedzia\/co-mozemy-dla-panstwa-zrobic\/"},{"@type":"ListItem","position":4,"name":"Jak uszczelni\u0107 domek ogrodowy?"}]},{"@type":"WebSite","@id":"https:\/\/gardeon.pl\/#website","url":"https:\/\/gardeon.pl\/","name":"GARDEON","description":"","potentialAction":[{"@type":"SearchAction","target":{"@type":"EntryPoint","urlTemplate":"https:\/\/gardeon.pl\/?s={search_term_string}"},"query-input":{"@type":"PropertyValueSpecification","valueRequired":true,"valueName":"search_term_string"}}],"inLanguage":"pl-PL"}]}},"_links":{"self":[{"href":"https:\/\/gardeon.pl\/pl\/wp-json\/wp\/v2\/pages\/48747","targetHints":{"allow":["GET"]}}],"collection":[{"href":"https:\/\/gardeon.pl\/pl\/wp-json\/wp\/v2\/pages"}],"about":[{"href":"https:\/\/gardeon.pl\/pl\/wp-json\/wp\/v2\/types\/page"}],"author":[{"embeddable":true,"href":"https:\/\/gardeon.pl\/pl\/wp-json\/wp\/v2\/users\/1"}],"replies":[{"embeddable":true,"href":"https:\/\/gardeon.pl\/pl\/wp-json\/wp\/v2\/comments?post=48747"}],"version-history":[{"count":0,"href":"https:\/\/gardeon.pl\/pl\/wp-json\/wp\/v2\/pages\/48747\/revisions"}],"up":[{"embeddable":true,"href":"https:\/\/gardeon.pl\/pl\/wp-json\/wp\/v2\/pages\/48787"}],"wp:attachment":[{"href":"https:\/\/gardeon.pl\/pl\/wp-json\/wp\/v2\/media?parent=48747"}],"curies":[{"name":"wp","href":"https:\/\/api.w.org\/{rel}","templated":true}]}}