{"id":48764,"date":"2026-04-23T18:10:26","date_gmt":"2026-04-23T16:10:26","guid":{"rendered":"https:\/\/gardeon.pl\/boczne-drzwi-garazowe\/"},"modified":"2026-04-25T10:37:50","modified_gmt":"2026-04-25T08:37:50","slug":"boczne-drzwi-garazowe","status":"publish","type":"page","link":"https:\/\/gardeon.pl\/pl\/garaze\/akcesoria-dodatki\/boczne-drzwi-garazowe\/","title":{"rendered":"Boczne drzwi gara\u017cowe"},"content":{"rendered":"","protected":false},"excerpt":{"rendered":"","protected":false},"author":1,"featured_media":0,"parent":51312,"menu_order":0,"comment_status":"closed","ping_status":"closed","template":"page-sidebar.php","meta":{"_acf_changed":false,"inline_featured_image":false,"footnotes":""},"class_list":["post-48764","page","type-page","status-publish","hentry"],"acf":[],"yoast_head":"<!-- This site is optimized with the Yoast SEO plugin v27.4 - https:\/\/yoast.com\/product\/yoast-seo-wordpress\/ -->\n<title>Drzwi gara\u017cowe | GARDEON<\/title>\n<meta name=\"description\" content=\"W naszej ofercie drzwi do gara\u017cy znajd\u0105 Pa\u0144stwo wy\u0142\u0105cznie markowe drzwi jednoskrzyd\u0142owe H\u00f6rmann. Nie uznajemy kompromis\u00f3w mi\u0119dzy jako\u015bci\u0105 a zastosowanymi materia\u0142ami.\" \/>\n<meta name=\"robots\" content=\"index, follow, max-snippet:-1, max-image-preview:large, max-video-preview:-1\" \/>\n<link rel=\"canonical\" href=\"https:\/\/gardeon.pl\/pl\/garaze\/akcesoria-dodatki\/boczne-drzwi-garazowe\/\" \/>\n<meta property=\"og:locale\" content=\"pl_PL\" \/>\n<meta property=\"og:type\" content=\"article\" \/>\n<meta property=\"og:title\" content=\"Drzwi gara\u017cowe | GARDEON\" \/>\n<meta property=\"og:description\" content=\"W naszej ofercie drzwi do gara\u017cy znajd\u0105 Pa\u0144stwo wy\u0142\u0105cznie markowe drzwi jednoskrzyd\u0142owe H\u00f6rmann. Nie uznajemy kompromis\u00f3w mi\u0119dzy jako\u015bci\u0105 a zastosowanymi materia\u0142ami.\" \/>\n<meta property=\"og:url\" content=\"https:\/\/gardeon.pl\/pl\/garaze\/akcesoria-dodatki\/boczne-drzwi-garazowe\/\" \/>\n<meta property=\"og:site_name\" content=\"GARDEON\" \/>\n<meta property=\"article:modified_time\" content=\"2026-04-25T08:37:50+00:00\" \/>\n<meta property=\"og:image\" content=\"https:\/\/gardeon.pl\/wp-content\/uploads\/2022\/12\/gardeon-background-2-scaled.jpeg\" \/>\n\t<meta property=\"og:image:width\" content=\"2560\" \/>\n\t<meta property=\"og:image:height\" content=\"1440\" \/>\n\t<meta property=\"og:image:type\" content=\"image\/jpeg\" \/>\n<meta name=\"twitter:card\" content=\"summary_large_image\" \/>\n<script type=\"application\/ld+json\" class=\"yoast-schema-graph\">{\"@context\":\"https:\\\/\\\/schema.org\",\"@graph\":[{\"@type\":\"WebPage\",\"@id\":\"https:\\\/\\\/gardeon.pl\\\/pl\\\/garaze\\\/akcesoria-dodatki\\\/boczne-drzwi-garazowe\\\/\",\"url\":\"https:\\\/\\\/gardeon.pl\\\/pl\\\/garaze\\\/akcesoria-dodatki\\\/boczne-drzwi-garazowe\\\/\",\"name\":\"Drzwi gara\u017cowe | GARDEON\",\"isPartOf\":{\"@id\":\"https:\\\/\\\/gardeon.pl\\\/#website\"},\"datePublished\":\"2026-04-23T16:10:26+00:00\",\"dateModified\":\"2026-04-25T08:37:50+00:00\",\"description\":\"W naszej ofercie drzwi do gara\u017cy znajd\u0105 Pa\u0144stwo wy\u0142\u0105cznie markowe drzwi jednoskrzyd\u0142owe H\u00f6rmann. Nie uznajemy kompromis\u00f3w mi\u0119dzy jako\u015bci\u0105 a zastosowanymi materia\u0142ami.\",\"breadcrumb\":{\"@id\":\"https:\\\/\\\/gardeon.pl\\\/pl\\\/garaze\\\/akcesoria-dodatki\\\/boczne-drzwi-garazowe\\\/#breadcrumb\"},\"inLanguage\":\"pl-PL\",\"potentialAction\":[{\"@type\":\"ReadAction\",\"target\":[\"https:\\\/\\\/gardeon.pl\\\/pl\\\/garaze\\\/akcesoria-dodatki\\\/boczne-drzwi-garazowe\\\/\"]}]},{\"@type\":\"BreadcrumbList\",\"@id\":\"https:\\\/\\\/gardeon.pl\\\/pl\\\/garaze\\\/akcesoria-dodatki\\\/boczne-drzwi-garazowe\\\/#breadcrumb\",\"itemListElement\":[{\"@type\":\"ListItem\",\"position\":1,\"name\":\"Domov\",\"item\":\"https:\\\/\\\/gardeon.pl\\\/pl\\\/\"},{\"@type\":\"ListItem\",\"position\":2,\"name\":\"Gara\u017ce\",\"item\":\"https:\\\/\\\/gardeon.pl\\\/pl\\\/garaze\\\/\"},{\"@type\":\"ListItem\",\"position\":3,\"name\":\"Akcesoria, dodatki\",\"item\":\"https:\\\/\\\/gardeon.pl\\\/pl\\\/garaze\\\/akcesoria-dodatki\\\/\"},{\"@type\":\"ListItem\",\"position\":4,\"name\":\"Boczne drzwi gara\u017cowe\"}]},{\"@type\":\"WebSite\",\"@id\":\"https:\\\/\\\/gardeon.pl\\\/#website\",\"url\":\"https:\\\/\\\/gardeon.pl\\\/\",\"name\":\"GARDEON\",\"description\":\"\",\"potentialAction\":[{\"@type\":\"SearchAction\",\"target\":{\"@type\":\"EntryPoint\",\"urlTemplate\":\"https:\\\/\\\/gardeon.pl\\\/?s={search_term_string}\"},\"query-input\":{\"@type\":\"PropertyValueSpecification\",\"valueRequired\":true,\"valueName\":\"search_term_string\"}}],\"inLanguage\":\"pl-PL\"}]}<\/script>\n<!-- \/ Yoast SEO plugin. -->","yoast_head_json":{"title":"Drzwi gara\u017cowe | GARDEON","description":"W naszej ofercie drzwi do gara\u017cy znajd\u0105 Pa\u0144stwo wy\u0142\u0105cznie markowe drzwi jednoskrzyd\u0142owe H\u00f6rmann. Nie uznajemy kompromis\u00f3w mi\u0119dzy jako\u015bci\u0105 a zastosowanymi materia\u0142ami.","robots":{"index":"index","follow":"follow","max-snippet":"max-snippet:-1","max-image-preview":"max-image-preview:large","max-video-preview":"max-video-preview:-1"},"canonical":"https:\/\/gardeon.pl\/pl\/garaze\/akcesoria-dodatki\/boczne-drzwi-garazowe\/","og_locale":"pl_PL","og_type":"article","og_title":"Drzwi gara\u017cowe | GARDEON","og_description":"W naszej ofercie drzwi do gara\u017cy znajd\u0105 Pa\u0144stwo wy\u0142\u0105cznie markowe drzwi jednoskrzyd\u0142owe H\u00f6rmann. Nie uznajemy kompromis\u00f3w mi\u0119dzy jako\u015bci\u0105 a zastosowanymi materia\u0142ami.","og_url":"https:\/\/gardeon.pl\/pl\/garaze\/akcesoria-dodatki\/boczne-drzwi-garazowe\/","og_site_name":"GARDEON","article_modified_time":"2026-04-25T08:37:50+00:00","og_image":[{"width":2560,"height":1440,"url":"https:\/\/gardeon.pl\/wp-content\/uploads\/2022\/12\/gardeon-background-2-scaled.jpeg","type":"image\/jpeg"}],"twitter_card":"summary_large_image","schema":{"@context":"https:\/\/schema.org","@graph":[{"@type":"WebPage","@id":"https:\/\/gardeon.pl\/pl\/garaze\/akcesoria-dodatki\/boczne-drzwi-garazowe\/","url":"https:\/\/gardeon.pl\/pl\/garaze\/akcesoria-dodatki\/boczne-drzwi-garazowe\/","name":"Drzwi gara\u017cowe | GARDEON","isPartOf":{"@id":"https:\/\/gardeon.pl\/#website"},"datePublished":"2026-04-23T16:10:26+00:00","dateModified":"2026-04-25T08:37:50+00:00","description":"W naszej ofercie drzwi do gara\u017cy znajd\u0105 Pa\u0144stwo wy\u0142\u0105cznie markowe drzwi jednoskrzyd\u0142owe H\u00f6rmann. Nie uznajemy kompromis\u00f3w mi\u0119dzy jako\u015bci\u0105 a zastosowanymi materia\u0142ami.","breadcrumb":{"@id":"https:\/\/gardeon.pl\/pl\/garaze\/akcesoria-dodatki\/boczne-drzwi-garazowe\/#breadcrumb"},"inLanguage":"pl-PL","potentialAction":[{"@type":"ReadAction","target":["https:\/\/gardeon.pl\/pl\/garaze\/akcesoria-dodatki\/boczne-drzwi-garazowe\/"]}]},{"@type":"BreadcrumbList","@id":"https:\/\/gardeon.pl\/pl\/garaze\/akcesoria-dodatki\/boczne-drzwi-garazowe\/#breadcrumb","itemListElement":[{"@type":"ListItem","position":1,"name":"Domov","item":"https:\/\/gardeon.pl\/pl\/"},{"@type":"ListItem","position":2,"name":"Gara\u017ce","item":"https:\/\/gardeon.pl\/pl\/garaze\/"},{"@type":"ListItem","position":3,"name":"Akcesoria, dodatki","item":"https:\/\/gardeon.pl\/pl\/garaze\/akcesoria-dodatki\/"},{"@type":"ListItem","position":4,"name":"Boczne drzwi gara\u017cowe"}]},{"@type":"WebSite","@id":"https:\/\/gardeon.pl\/#website","url":"https:\/\/gardeon.pl\/","name":"GARDEON","description":"","potentialAction":[{"@type":"SearchAction","target":{"@type":"EntryPoint","urlTemplate":"https:\/\/gardeon.pl\/?s={search_term_string}"},"query-input":{"@type":"PropertyValueSpecification","valueRequired":true,"valueName":"search_term_string"}}],"inLanguage":"pl-PL"}]}},"_links":{"self":[{"href":"https:\/\/gardeon.pl\/pl\/wp-json\/wp\/v2\/pages\/48764","targetHints":{"allow":["GET"]}}],"collection":[{"href":"https:\/\/gardeon.pl\/pl\/wp-json\/wp\/v2\/pages"}],"about":[{"href":"https:\/\/gardeon.pl\/pl\/wp-json\/wp\/v2\/types\/page"}],"author":[{"embeddable":true,"href":"https:\/\/gardeon.pl\/pl\/wp-json\/wp\/v2\/users\/1"}],"replies":[{"embeddable":true,"href":"https:\/\/gardeon.pl\/pl\/wp-json\/wp\/v2\/comments?post=48764"}],"version-history":[{"count":0,"href":"https:\/\/gardeon.pl\/pl\/wp-json\/wp\/v2\/pages\/48764\/revisions"}],"up":[{"embeddable":true,"href":"https:\/\/gardeon.pl\/pl\/wp-json\/wp\/v2\/pages\/51312"}],"wp:attachment":[{"href":"https:\/\/gardeon.pl\/pl\/wp-json\/wp\/v2\/media?parent=48764"}],"curies":[{"name":"wp","href":"https:\/\/api.w.org\/{rel}","templated":true}]}}