{"id":49386,"date":"2026-04-23T18:11:06","date_gmt":"2026-04-23T16:11:06","guid":{"rendered":"https:\/\/gardeon.pl\/do-jakich-celow-potrzebuja-panstwo-garazu\/"},"modified":"2026-04-25T10:41:16","modified_gmt":"2026-04-25T08:41:16","slug":"do-jakich-celow-potrzebuja-panstwo-garazu","status":"publish","type":"page","link":"https:\/\/gardeon.pl\/pl\/garaze\/jak-wybrac-garaz\/do-jakich-celow-potrzebuja-panstwo-garazu\/","title":{"rendered":"W jakim celu potrzebuj\u0105 Pa\u0144stwo gara\u017cu?"},"content":{"rendered":"","protected":false},"excerpt":{"rendered":"","protected":false},"author":2,"featured_media":0,"parent":50802,"menu_order":3,"comment_status":"open","ping_status":"open","template":"page-sidebar.php","meta":{"_acf_changed":false,"inline_featured_image":false,"footnotes":""},"class_list":["post-49386","page","type-page","status-publish","hentry"],"acf":[],"yoast_head":"<!-- This site is optimized with the Yoast SEO plugin v27.4 - https:\/\/yoast.com\/product\/yoast-seo-wordpress\/ -->\n<title>Gara\u017c na samoch\u00f3d, motocykl czy inny cel? | GARDEON<\/title>\n<meta name=\"description\" content=\"Ma\u0142y czy du\u017cy? Szeroki czy w\u0105ski? Gara\u017c tylko na samoch\u00f3d czy r\u00f3wnie\u017c na motocykl? Cel, w jakim b\u0119d\u0105 Pa\u0144stwo wykorzystywa\u0107 gara\u017c, to najwa\u017cniejsza kwestia przy podejmowaniu decyzji.\" \/>\n<meta name=\"robots\" content=\"index, follow, max-snippet:-1, max-image-preview:large, max-video-preview:-1\" \/>\n<link rel=\"canonical\" href=\"https:\/\/gardeon.pl\/pl\/garaze\/jak-wybrac-garaz\/do-jakich-celow-potrzebuja-panstwo-garazu\/\" \/>\n<meta property=\"og:locale\" content=\"pl_PL\" \/>\n<meta property=\"og:type\" content=\"article\" \/>\n<meta property=\"og:title\" content=\"Gara\u017c na samoch\u00f3d, motocykl czy inny cel? | GARDEON\" \/>\n<meta property=\"og:description\" content=\"Ma\u0142y czy du\u017cy? Szeroki czy w\u0105ski? Gara\u017c tylko na samoch\u00f3d czy r\u00f3wnie\u017c na motocykl? Cel, w jakim b\u0119d\u0105 Pa\u0144stwo wykorzystywa\u0107 gara\u017c, to najwa\u017cniejsza kwestia przy podejmowaniu decyzji.\" \/>\n<meta property=\"og:url\" content=\"https:\/\/gardeon.pl\/pl\/garaze\/jak-wybrac-garaz\/do-jakich-celow-potrzebuja-panstwo-garazu\/\" \/>\n<meta property=\"og:site_name\" content=\"GARDEON\" \/>\n<meta property=\"article:modified_time\" content=\"2026-04-25T08:41:16+00:00\" \/>\n<meta property=\"og:image\" content=\"https:\/\/gardeon.pl\/wp-content\/uploads\/2022\/12\/gardeon-background-2-scaled.jpeg\" \/>\n\t<meta property=\"og:image:width\" content=\"2560\" \/>\n\t<meta property=\"og:image:height\" content=\"1440\" \/>\n\t<meta property=\"og:image:type\" content=\"image\/jpeg\" \/>\n<meta name=\"twitter:card\" content=\"summary_large_image\" \/>\n<script type=\"application\/ld+json\" class=\"yoast-schema-graph\">{\"@context\":\"https:\\\/\\\/schema.org\",\"@graph\":[{\"@type\":\"WebPage\",\"@id\":\"https:\\\/\\\/gardeon.pl\\\/pl\\\/garaze\\\/jak-wybrac-garaz\\\/do-jakich-celow-potrzebuja-panstwo-garazu\\\/\",\"url\":\"https:\\\/\\\/gardeon.pl\\\/pl\\\/garaze\\\/jak-wybrac-garaz\\\/do-jakich-celow-potrzebuja-panstwo-garazu\\\/\",\"name\":\"Gara\u017c na samoch\u00f3d, motocykl czy inny cel? | GARDEON\",\"isPartOf\":{\"@id\":\"https:\\\/\\\/gardeon.pl\\\/#website\"},\"datePublished\":\"2026-04-23T16:11:06+00:00\",\"dateModified\":\"2026-04-25T08:41:16+00:00\",\"description\":\"Ma\u0142y czy du\u017cy? Szeroki czy w\u0105ski? Gara\u017c tylko na samoch\u00f3d czy r\u00f3wnie\u017c na motocykl? Cel, w jakim b\u0119d\u0105 Pa\u0144stwo wykorzystywa\u0107 gara\u017c, to najwa\u017cniejsza kwestia przy podejmowaniu decyzji.\",\"breadcrumb\":{\"@id\":\"https:\\\/\\\/gardeon.pl\\\/pl\\\/garaze\\\/jak-wybrac-garaz\\\/do-jakich-celow-potrzebuja-panstwo-garazu\\\/#breadcrumb\"},\"inLanguage\":\"pl-PL\",\"potentialAction\":[{\"@type\":\"ReadAction\",\"target\":[\"https:\\\/\\\/gardeon.pl\\\/pl\\\/garaze\\\/jak-wybrac-garaz\\\/do-jakich-celow-potrzebuja-panstwo-garazu\\\/\"]}]},{\"@type\":\"BreadcrumbList\",\"@id\":\"https:\\\/\\\/gardeon.pl\\\/pl\\\/garaze\\\/jak-wybrac-garaz\\\/do-jakich-celow-potrzebuja-panstwo-garazu\\\/#breadcrumb\",\"itemListElement\":[{\"@type\":\"ListItem\",\"position\":1,\"name\":\"Domov\",\"item\":\"https:\\\/\\\/gardeon.pl\\\/pl\\\/\"},{\"@type\":\"ListItem\",\"position\":2,\"name\":\"Gara\u017ce\",\"item\":\"https:\\\/\\\/gardeon.pl\\\/pl\\\/garaze\\\/\"},{\"@type\":\"ListItem\",\"position\":3,\"name\":\"Jak wybra\u0107 gara\u017c?\",\"item\":\"https:\\\/\\\/gardeon.pl\\\/pl\\\/garaze\\\/jak-wybrac-garaz\\\/\"},{\"@type\":\"ListItem\",\"position\":4,\"name\":\"W jakim celu potrzebuj\u0105 Pa\u0144stwo gara\u017cu?\"}]},{\"@type\":\"WebSite\",\"@id\":\"https:\\\/\\\/gardeon.pl\\\/#website\",\"url\":\"https:\\\/\\\/gardeon.pl\\\/\",\"name\":\"GARDEON\",\"description\":\"\",\"potentialAction\":[{\"@type\":\"SearchAction\",\"target\":{\"@type\":\"EntryPoint\",\"urlTemplate\":\"https:\\\/\\\/gardeon.pl\\\/?s={search_term_string}\"},\"query-input\":{\"@type\":\"PropertyValueSpecification\",\"valueRequired\":true,\"valueName\":\"search_term_string\"}}],\"inLanguage\":\"pl-PL\"}]}<\/script>\n<!-- \/ Yoast SEO plugin. -->","yoast_head_json":{"title":"Gara\u017c na samoch\u00f3d, motocykl czy inny cel? | GARDEON","description":"Ma\u0142y czy du\u017cy? Szeroki czy w\u0105ski? Gara\u017c tylko na samoch\u00f3d czy r\u00f3wnie\u017c na motocykl? Cel, w jakim b\u0119d\u0105 Pa\u0144stwo wykorzystywa\u0107 gara\u017c, to najwa\u017cniejsza kwestia przy podejmowaniu decyzji.","robots":{"index":"index","follow":"follow","max-snippet":"max-snippet:-1","max-image-preview":"max-image-preview:large","max-video-preview":"max-video-preview:-1"},"canonical":"https:\/\/gardeon.pl\/pl\/garaze\/jak-wybrac-garaz\/do-jakich-celow-potrzebuja-panstwo-garazu\/","og_locale":"pl_PL","og_type":"article","og_title":"Gara\u017c na samoch\u00f3d, motocykl czy inny cel? | GARDEON","og_description":"Ma\u0142y czy du\u017cy? Szeroki czy w\u0105ski? Gara\u017c tylko na samoch\u00f3d czy r\u00f3wnie\u017c na motocykl? Cel, w jakim b\u0119d\u0105 Pa\u0144stwo wykorzystywa\u0107 gara\u017c, to najwa\u017cniejsza kwestia przy podejmowaniu decyzji.","og_url":"https:\/\/gardeon.pl\/pl\/garaze\/jak-wybrac-garaz\/do-jakich-celow-potrzebuja-panstwo-garazu\/","og_site_name":"GARDEON","article_modified_time":"2026-04-25T08:41:16+00:00","og_image":[{"width":2560,"height":1440,"url":"https:\/\/gardeon.pl\/wp-content\/uploads\/2022\/12\/gardeon-background-2-scaled.jpeg","type":"image\/jpeg"}],"twitter_card":"summary_large_image","schema":{"@context":"https:\/\/schema.org","@graph":[{"@type":"WebPage","@id":"https:\/\/gardeon.pl\/pl\/garaze\/jak-wybrac-garaz\/do-jakich-celow-potrzebuja-panstwo-garazu\/","url":"https:\/\/gardeon.pl\/pl\/garaze\/jak-wybrac-garaz\/do-jakich-celow-potrzebuja-panstwo-garazu\/","name":"Gara\u017c na samoch\u00f3d, motocykl czy inny cel? | GARDEON","isPartOf":{"@id":"https:\/\/gardeon.pl\/#website"},"datePublished":"2026-04-23T16:11:06+00:00","dateModified":"2026-04-25T08:41:16+00:00","description":"Ma\u0142y czy du\u017cy? Szeroki czy w\u0105ski? Gara\u017c tylko na samoch\u00f3d czy r\u00f3wnie\u017c na motocykl? Cel, w jakim b\u0119d\u0105 Pa\u0144stwo wykorzystywa\u0107 gara\u017c, to najwa\u017cniejsza kwestia przy podejmowaniu decyzji.","breadcrumb":{"@id":"https:\/\/gardeon.pl\/pl\/garaze\/jak-wybrac-garaz\/do-jakich-celow-potrzebuja-panstwo-garazu\/#breadcrumb"},"inLanguage":"pl-PL","potentialAction":[{"@type":"ReadAction","target":["https:\/\/gardeon.pl\/pl\/garaze\/jak-wybrac-garaz\/do-jakich-celow-potrzebuja-panstwo-garazu\/"]}]},{"@type":"BreadcrumbList","@id":"https:\/\/gardeon.pl\/pl\/garaze\/jak-wybrac-garaz\/do-jakich-celow-potrzebuja-panstwo-garazu\/#breadcrumb","itemListElement":[{"@type":"ListItem","position":1,"name":"Domov","item":"https:\/\/gardeon.pl\/pl\/"},{"@type":"ListItem","position":2,"name":"Gara\u017ce","item":"https:\/\/gardeon.pl\/pl\/garaze\/"},{"@type":"ListItem","position":3,"name":"Jak wybra\u0107 gara\u017c?","item":"https:\/\/gardeon.pl\/pl\/garaze\/jak-wybrac-garaz\/"},{"@type":"ListItem","position":4,"name":"W jakim celu potrzebuj\u0105 Pa\u0144stwo gara\u017cu?"}]},{"@type":"WebSite","@id":"https:\/\/gardeon.pl\/#website","url":"https:\/\/gardeon.pl\/","name":"GARDEON","description":"","potentialAction":[{"@type":"SearchAction","target":{"@type":"EntryPoint","urlTemplate":"https:\/\/gardeon.pl\/?s={search_term_string}"},"query-input":{"@type":"PropertyValueSpecification","valueRequired":true,"valueName":"search_term_string"}}],"inLanguage":"pl-PL"}]}},"_links":{"self":[{"href":"https:\/\/gardeon.pl\/pl\/wp-json\/wp\/v2\/pages\/49386","targetHints":{"allow":["GET"]}}],"collection":[{"href":"https:\/\/gardeon.pl\/pl\/wp-json\/wp\/v2\/pages"}],"about":[{"href":"https:\/\/gardeon.pl\/pl\/wp-json\/wp\/v2\/types\/page"}],"author":[{"embeddable":true,"href":"https:\/\/gardeon.pl\/pl\/wp-json\/wp\/v2\/users\/2"}],"replies":[{"embeddable":true,"href":"https:\/\/gardeon.pl\/pl\/wp-json\/wp\/v2\/comments?post=49386"}],"version-history":[{"count":0,"href":"https:\/\/gardeon.pl\/pl\/wp-json\/wp\/v2\/pages\/49386\/revisions"}],"up":[{"embeddable":true,"href":"https:\/\/gardeon.pl\/pl\/wp-json\/wp\/v2\/pages\/50802"}],"wp:attachment":[{"href":"https:\/\/gardeon.pl\/pl\/wp-json\/wp\/v2\/media?parent=49386"}],"curies":[{"name":"wp","href":"https:\/\/api.w.org\/{rel}","templated":true}]}}