{"id":49439,"date":"2026-04-23T18:11:08","date_gmt":"2026-04-23T16:11:08","guid":{"rendered":"https:\/\/gardeon.pl\/co-mozemy-dla-panstwa-zrobic-2\/"},"modified":"2026-04-25T10:36:53","modified_gmt":"2026-04-25T08:36:53","slug":"co-mozemy-dla-panstwa-zrobic-2","status":"publish","type":"page","link":"https:\/\/gardeon.pl\/pl\/garaze\/co-mozemy-dla-panstwa-zrobic-2\/","title":{"rendered":"Co mo\u017cemy dla Pa\u0144stwa zrobi\u0107?"},"content":{"rendered":"","protected":false},"excerpt":{"rendered":"","protected":false},"author":1,"featured_media":0,"parent":50131,"menu_order":0,"comment_status":"closed","ping_status":"closed","template":"page-sidebar.php","meta":{"_acf_changed":false,"inline_featured_image":false,"footnotes":""},"class_list":["post-49439","page","type-page","status-publish","hentry"],"acf":[],"yoast_head":"<!-- This site is optimized with the Yoast SEO plugin v27.4 - https:\/\/yoast.com\/product\/yoast-seo-wordpress\/ -->\n<title>Us\u0142ugi dla gara\u017cy | GARDEON<\/title>\n<meta name=\"description\" content=\"Obowi\u0105zek zg\u0142oszenia czy pozwolenie na budow\u0119? P\u0142yta betonowa czy kostka brukowa? Podczas przygotowania i realizacji gara\u017cu nie s\u0105 Pa\u0144stwo sami. Ch\u0119tnie Pa\u0144stwu pomo\u017cemy!\" \/>\n<meta name=\"robots\" content=\"index, follow, max-snippet:-1, max-image-preview:large, max-video-preview:-1\" \/>\n<link rel=\"canonical\" href=\"https:\/\/gardeon.pl\/pl\/garaze\/co-mozemy-dla-panstwa-zrobic-2\/\" \/>\n<meta property=\"og:locale\" content=\"pl_PL\" \/>\n<meta property=\"og:type\" content=\"article\" \/>\n<meta property=\"og:title\" content=\"Us\u0142ugi dla gara\u017cy | GARDEON\" \/>\n<meta property=\"og:description\" content=\"Obowi\u0105zek zg\u0142oszenia czy pozwolenie na budow\u0119? P\u0142yta betonowa czy kostka brukowa? Podczas przygotowania i realizacji gara\u017cu nie s\u0105 Pa\u0144stwo sami. Ch\u0119tnie Pa\u0144stwu pomo\u017cemy!\" \/>\n<meta property=\"og:url\" content=\"https:\/\/gardeon.pl\/pl\/garaze\/co-mozemy-dla-panstwa-zrobic-2\/\" \/>\n<meta property=\"og:site_name\" content=\"GARDEON\" \/>\n<meta property=\"article:modified_time\" content=\"2026-04-25T08:36:53+00:00\" \/>\n<meta property=\"og:image\" content=\"https:\/\/gardeon.pl\/wp-content\/uploads\/2022\/12\/gardeon-background-2-scaled.jpeg\" \/>\n\t<meta property=\"og:image:width\" content=\"2560\" \/>\n\t<meta property=\"og:image:height\" content=\"1440\" \/>\n\t<meta property=\"og:image:type\" content=\"image\/jpeg\" \/>\n<meta name=\"twitter:card\" content=\"summary_large_image\" \/>\n<script type=\"application\/ld+json\" class=\"yoast-schema-graph\">{\"@context\":\"https:\\\/\\\/schema.org\",\"@graph\":[{\"@type\":\"WebPage\",\"@id\":\"https:\\\/\\\/gardeon.pl\\\/pl\\\/garaze\\\/co-mozemy-dla-panstwa-zrobic-2\\\/\",\"url\":\"https:\\\/\\\/gardeon.pl\\\/pl\\\/garaze\\\/co-mozemy-dla-panstwa-zrobic-2\\\/\",\"name\":\"Us\u0142ugi dla gara\u017cy | GARDEON\",\"isPartOf\":{\"@id\":\"https:\\\/\\\/gardeon.pl\\\/#website\"},\"datePublished\":\"2026-04-23T16:11:08+00:00\",\"dateModified\":\"2026-04-25T08:36:53+00:00\",\"description\":\"Obowi\u0105zek zg\u0142oszenia czy pozwolenie na budow\u0119? P\u0142yta betonowa czy kostka brukowa? Podczas przygotowania i realizacji gara\u017cu nie s\u0105 Pa\u0144stwo sami. Ch\u0119tnie Pa\u0144stwu pomo\u017cemy!\",\"breadcrumb\":{\"@id\":\"https:\\\/\\\/gardeon.pl\\\/pl\\\/garaze\\\/co-mozemy-dla-panstwa-zrobic-2\\\/#breadcrumb\"},\"inLanguage\":\"pl-PL\",\"potentialAction\":[{\"@type\":\"ReadAction\",\"target\":[\"https:\\\/\\\/gardeon.pl\\\/pl\\\/garaze\\\/co-mozemy-dla-panstwa-zrobic-2\\\/\"]}]},{\"@type\":\"BreadcrumbList\",\"@id\":\"https:\\\/\\\/gardeon.pl\\\/pl\\\/garaze\\\/co-mozemy-dla-panstwa-zrobic-2\\\/#breadcrumb\",\"itemListElement\":[{\"@type\":\"ListItem\",\"position\":1,\"name\":\"Domov\",\"item\":\"https:\\\/\\\/gardeon.pl\\\/pl\\\/\"},{\"@type\":\"ListItem\",\"position\":2,\"name\":\"Gara\u017ce\",\"item\":\"https:\\\/\\\/gardeon.pl\\\/pl\\\/garaze\\\/\"},{\"@type\":\"ListItem\",\"position\":3,\"name\":\"Co mo\u017cemy dla Pa\u0144stwa zrobi\u0107?\"}]},{\"@type\":\"WebSite\",\"@id\":\"https:\\\/\\\/gardeon.pl\\\/#website\",\"url\":\"https:\\\/\\\/gardeon.pl\\\/\",\"name\":\"GARDEON\",\"description\":\"\",\"potentialAction\":[{\"@type\":\"SearchAction\",\"target\":{\"@type\":\"EntryPoint\",\"urlTemplate\":\"https:\\\/\\\/gardeon.pl\\\/?s={search_term_string}\"},\"query-input\":{\"@type\":\"PropertyValueSpecification\",\"valueRequired\":true,\"valueName\":\"search_term_string\"}}],\"inLanguage\":\"pl-PL\"}]}<\/script>\n<!-- \/ Yoast SEO plugin. -->","yoast_head_json":{"title":"Us\u0142ugi dla gara\u017cy | GARDEON","description":"Obowi\u0105zek zg\u0142oszenia czy pozwolenie na budow\u0119? P\u0142yta betonowa czy kostka brukowa? Podczas przygotowania i realizacji gara\u017cu nie s\u0105 Pa\u0144stwo sami. Ch\u0119tnie Pa\u0144stwu pomo\u017cemy!","robots":{"index":"index","follow":"follow","max-snippet":"max-snippet:-1","max-image-preview":"max-image-preview:large","max-video-preview":"max-video-preview:-1"},"canonical":"https:\/\/gardeon.pl\/pl\/garaze\/co-mozemy-dla-panstwa-zrobic-2\/","og_locale":"pl_PL","og_type":"article","og_title":"Us\u0142ugi dla gara\u017cy | GARDEON","og_description":"Obowi\u0105zek zg\u0142oszenia czy pozwolenie na budow\u0119? P\u0142yta betonowa czy kostka brukowa? Podczas przygotowania i realizacji gara\u017cu nie s\u0105 Pa\u0144stwo sami. Ch\u0119tnie Pa\u0144stwu pomo\u017cemy!","og_url":"https:\/\/gardeon.pl\/pl\/garaze\/co-mozemy-dla-panstwa-zrobic-2\/","og_site_name":"GARDEON","article_modified_time":"2026-04-25T08:36:53+00:00","og_image":[{"width":2560,"height":1440,"url":"https:\/\/gardeon.pl\/wp-content\/uploads\/2022\/12\/gardeon-background-2-scaled.jpeg","type":"image\/jpeg"}],"twitter_card":"summary_large_image","schema":{"@context":"https:\/\/schema.org","@graph":[{"@type":"WebPage","@id":"https:\/\/gardeon.pl\/pl\/garaze\/co-mozemy-dla-panstwa-zrobic-2\/","url":"https:\/\/gardeon.pl\/pl\/garaze\/co-mozemy-dla-panstwa-zrobic-2\/","name":"Us\u0142ugi dla gara\u017cy | GARDEON","isPartOf":{"@id":"https:\/\/gardeon.pl\/#website"},"datePublished":"2026-04-23T16:11:08+00:00","dateModified":"2026-04-25T08:36:53+00:00","description":"Obowi\u0105zek zg\u0142oszenia czy pozwolenie na budow\u0119? P\u0142yta betonowa czy kostka brukowa? Podczas przygotowania i realizacji gara\u017cu nie s\u0105 Pa\u0144stwo sami. Ch\u0119tnie Pa\u0144stwu pomo\u017cemy!","breadcrumb":{"@id":"https:\/\/gardeon.pl\/pl\/garaze\/co-mozemy-dla-panstwa-zrobic-2\/#breadcrumb"},"inLanguage":"pl-PL","potentialAction":[{"@type":"ReadAction","target":["https:\/\/gardeon.pl\/pl\/garaze\/co-mozemy-dla-panstwa-zrobic-2\/"]}]},{"@type":"BreadcrumbList","@id":"https:\/\/gardeon.pl\/pl\/garaze\/co-mozemy-dla-panstwa-zrobic-2\/#breadcrumb","itemListElement":[{"@type":"ListItem","position":1,"name":"Domov","item":"https:\/\/gardeon.pl\/pl\/"},{"@type":"ListItem","position":2,"name":"Gara\u017ce","item":"https:\/\/gardeon.pl\/pl\/garaze\/"},{"@type":"ListItem","position":3,"name":"Co mo\u017cemy dla Pa\u0144stwa zrobi\u0107?"}]},{"@type":"WebSite","@id":"https:\/\/gardeon.pl\/#website","url":"https:\/\/gardeon.pl\/","name":"GARDEON","description":"","potentialAction":[{"@type":"SearchAction","target":{"@type":"EntryPoint","urlTemplate":"https:\/\/gardeon.pl\/?s={search_term_string}"},"query-input":{"@type":"PropertyValueSpecification","valueRequired":true,"valueName":"search_term_string"}}],"inLanguage":"pl-PL"}]}},"_links":{"self":[{"href":"https:\/\/gardeon.pl\/pl\/wp-json\/wp\/v2\/pages\/49439","targetHints":{"allow":["GET"]}}],"collection":[{"href":"https:\/\/gardeon.pl\/pl\/wp-json\/wp\/v2\/pages"}],"about":[{"href":"https:\/\/gardeon.pl\/pl\/wp-json\/wp\/v2\/types\/page"}],"author":[{"embeddable":true,"href":"https:\/\/gardeon.pl\/pl\/wp-json\/wp\/v2\/users\/1"}],"replies":[{"embeddable":true,"href":"https:\/\/gardeon.pl\/pl\/wp-json\/wp\/v2\/comments?post=49439"}],"version-history":[{"count":0,"href":"https:\/\/gardeon.pl\/pl\/wp-json\/wp\/v2\/pages\/49439\/revisions"}],"up":[{"embeddable":true,"href":"https:\/\/gardeon.pl\/pl\/wp-json\/wp\/v2\/pages\/50131"}],"wp:attachment":[{"href":"https:\/\/gardeon.pl\/pl\/wp-json\/wp\/v2\/media?parent=49439"}],"curies":[{"name":"wp","href":"https:\/\/api.w.org\/{rel}","templated":true}]}}