{"id":50058,"date":"2026-04-23T18:13:22","date_gmt":"2026-04-23T16:13:22","guid":{"rendered":"https:\/\/gardeon.pl\/wiaty\/jak-wybrac-wiate\/jakie-materialy-stosujemy\/"},"modified":"2026-04-25T10:33:38","modified_gmt":"2026-04-25T08:33:38","slug":"jakie-materialy-stosujemy","status":"publish","type":"page","link":"https:\/\/gardeon.pl\/pl\/wiaty\/jak-wybrac-wiate\/jakie-materialy-stosujemy\/","title":{"rendered":"Jakich materia\u0142\u00f3w u\u017cywamy?"},"content":{"rendered":"","protected":false},"excerpt":{"rendered":"","protected":false},"author":1,"featured_media":0,"parent":48819,"menu_order":0,"comment_status":"closed","ping_status":"closed","template":"page-sidebar.php","meta":{"_acf_changed":false,"inline_featured_image":false,"footnotes":""},"class_list":["post-50058","page","type-page","status-publish","hentry"],"acf":[],"yoast_head":"<!-- This site is optimized with the Yoast SEO plugin v27.4 - https:\/\/yoast.com\/product\/yoast-seo-wordpress\/ -->\n<title>Jakich materia\u0142\u00f3w u\u017cywamy do budowy wiat samochodowych? | GARDEON<\/title>\n<meta name=\"robots\" content=\"index, follow, max-snippet:-1, max-image-preview:large, max-video-preview:-1\" \/>\n<link rel=\"canonical\" href=\"https:\/\/gardeon.pl\/pl\/wiaty\/jak-wybrac-wiate\/jakie-materialy-stosujemy\/\" \/>\n<meta property=\"og:locale\" content=\"pl_PL\" \/>\n<meta property=\"og:type\" content=\"article\" \/>\n<meta property=\"og:title\" content=\"Jakich materia\u0142\u00f3w u\u017cywamy do budowy wiat samochodowych? | GARDEON\" \/>\n<meta property=\"og:url\" content=\"https:\/\/gardeon.pl\/pl\/wiaty\/jak-wybrac-wiate\/jakie-materialy-stosujemy\/\" \/>\n<meta property=\"og:site_name\" content=\"GARDEON\" \/>\n<meta property=\"article:modified_time\" content=\"2026-04-25T08:33:38+00:00\" \/>\n<meta property=\"og:image\" content=\"http:\/\/gardeon.pl\/wp-content\/uploads\/2019\/09\/gardeon_logo_basic-copy.jpg\" \/>\n<meta name=\"twitter:card\" content=\"summary_large_image\" \/>\n<script type=\"application\/ld+json\" class=\"yoast-schema-graph\">{\"@context\":\"https:\\\/\\\/schema.org\",\"@graph\":[{\"@type\":\"WebPage\",\"@id\":\"https:\\\/\\\/gardeon.pl\\\/pl\\\/wiaty\\\/jak-wybrac-wiate\\\/jakie-materialy-stosujemy\\\/\",\"url\":\"https:\\\/\\\/gardeon.pl\\\/pl\\\/wiaty\\\/jak-wybrac-wiate\\\/jakie-materialy-stosujemy\\\/\",\"name\":\"Jakich materia\u0142\u00f3w u\u017cywamy do budowy wiat samochodowych? | GARDEON\",\"isPartOf\":{\"@id\":\"https:\\\/\\\/gardeon.pl\\\/#website\"},\"datePublished\":\"2026-04-23T16:13:22+00:00\",\"dateModified\":\"2026-04-25T08:33:38+00:00\",\"breadcrumb\":{\"@id\":\"https:\\\/\\\/gardeon.pl\\\/pl\\\/wiaty\\\/jak-wybrac-wiate\\\/jakie-materialy-stosujemy\\\/#breadcrumb\"},\"inLanguage\":\"pl-PL\",\"potentialAction\":[{\"@type\":\"ReadAction\",\"target\":[\"https:\\\/\\\/gardeon.pl\\\/pl\\\/wiaty\\\/jak-wybrac-wiate\\\/jakie-materialy-stosujemy\\\/\"]}]},{\"@type\":\"BreadcrumbList\",\"@id\":\"https:\\\/\\\/gardeon.pl\\\/pl\\\/wiaty\\\/jak-wybrac-wiate\\\/jakie-materialy-stosujemy\\\/#breadcrumb\",\"itemListElement\":[{\"@type\":\"ListItem\",\"position\":1,\"name\":\"Domov\",\"item\":\"https:\\\/\\\/gardeon.pl\\\/pl\\\/\"},{\"@type\":\"ListItem\",\"position\":2,\"name\":\"Wiaty\",\"item\":\"https:\\\/\\\/gardeon.pl\\\/pl\\\/wiaty\\\/\"},{\"@type\":\"ListItem\",\"position\":3,\"name\":\"Jak wybra\u0107 wiat\u0119?\",\"item\":\"https:\\\/\\\/gardeon.pl\\\/pl\\\/wiaty\\\/jak-wybrac-wiate\\\/\"},{\"@type\":\"ListItem\",\"position\":4,\"name\":\"Jakich materia\u0142\u00f3w u\u017cywamy?\"}]},{\"@type\":\"WebSite\",\"@id\":\"https:\\\/\\\/gardeon.pl\\\/#website\",\"url\":\"https:\\\/\\\/gardeon.pl\\\/\",\"name\":\"GARDEON\",\"description\":\"\",\"potentialAction\":[{\"@type\":\"SearchAction\",\"target\":{\"@type\":\"EntryPoint\",\"urlTemplate\":\"https:\\\/\\\/gardeon.pl\\\/?s={search_term_string}\"},\"query-input\":{\"@type\":\"PropertyValueSpecification\",\"valueRequired\":true,\"valueName\":\"search_term_string\"}}],\"inLanguage\":\"pl-PL\"}]}<\/script>\n<!-- \/ Yoast SEO plugin. -->","yoast_head_json":{"title":"Jakich materia\u0142\u00f3w u\u017cywamy do budowy wiat samochodowych? | GARDEON","robots":{"index":"index","follow":"follow","max-snippet":"max-snippet:-1","max-image-preview":"max-image-preview:large","max-video-preview":"max-video-preview:-1"},"canonical":"https:\/\/gardeon.pl\/pl\/wiaty\/jak-wybrac-wiate\/jakie-materialy-stosujemy\/","og_locale":"pl_PL","og_type":"article","og_title":"Jakich materia\u0142\u00f3w u\u017cywamy do budowy wiat samochodowych? | GARDEON","og_url":"https:\/\/gardeon.pl\/pl\/wiaty\/jak-wybrac-wiate\/jakie-materialy-stosujemy\/","og_site_name":"GARDEON","article_modified_time":"2026-04-25T08:33:38+00:00","og_image":[{"url":"http:\/\/gardeon.pl\/wp-content\/uploads\/2019\/09\/gardeon_logo_basic-copy.jpg","type":"","width":"","height":""}],"twitter_card":"summary_large_image","schema":{"@context":"https:\/\/schema.org","@graph":[{"@type":"WebPage","@id":"https:\/\/gardeon.pl\/pl\/wiaty\/jak-wybrac-wiate\/jakie-materialy-stosujemy\/","url":"https:\/\/gardeon.pl\/pl\/wiaty\/jak-wybrac-wiate\/jakie-materialy-stosujemy\/","name":"Jakich materia\u0142\u00f3w u\u017cywamy do budowy wiat samochodowych? | GARDEON","isPartOf":{"@id":"https:\/\/gardeon.pl\/#website"},"datePublished":"2026-04-23T16:13:22+00:00","dateModified":"2026-04-25T08:33:38+00:00","breadcrumb":{"@id":"https:\/\/gardeon.pl\/pl\/wiaty\/jak-wybrac-wiate\/jakie-materialy-stosujemy\/#breadcrumb"},"inLanguage":"pl-PL","potentialAction":[{"@type":"ReadAction","target":["https:\/\/gardeon.pl\/pl\/wiaty\/jak-wybrac-wiate\/jakie-materialy-stosujemy\/"]}]},{"@type":"BreadcrumbList","@id":"https:\/\/gardeon.pl\/pl\/wiaty\/jak-wybrac-wiate\/jakie-materialy-stosujemy\/#breadcrumb","itemListElement":[{"@type":"ListItem","position":1,"name":"Domov","item":"https:\/\/gardeon.pl\/pl\/"},{"@type":"ListItem","position":2,"name":"Wiaty","item":"https:\/\/gardeon.pl\/pl\/wiaty\/"},{"@type":"ListItem","position":3,"name":"Jak wybra\u0107 wiat\u0119?","item":"https:\/\/gardeon.pl\/pl\/wiaty\/jak-wybrac-wiate\/"},{"@type":"ListItem","position":4,"name":"Jakich materia\u0142\u00f3w u\u017cywamy?"}]},{"@type":"WebSite","@id":"https:\/\/gardeon.pl\/#website","url":"https:\/\/gardeon.pl\/","name":"GARDEON","description":"","potentialAction":[{"@type":"SearchAction","target":{"@type":"EntryPoint","urlTemplate":"https:\/\/gardeon.pl\/?s={search_term_string}"},"query-input":{"@type":"PropertyValueSpecification","valueRequired":true,"valueName":"search_term_string"}}],"inLanguage":"pl-PL"}]}},"_links":{"self":[{"href":"https:\/\/gardeon.pl\/pl\/wp-json\/wp\/v2\/pages\/50058","targetHints":{"allow":["GET"]}}],"collection":[{"href":"https:\/\/gardeon.pl\/pl\/wp-json\/wp\/v2\/pages"}],"about":[{"href":"https:\/\/gardeon.pl\/pl\/wp-json\/wp\/v2\/types\/page"}],"author":[{"embeddable":true,"href":"https:\/\/gardeon.pl\/pl\/wp-json\/wp\/v2\/users\/1"}],"replies":[{"embeddable":true,"href":"https:\/\/gardeon.pl\/pl\/wp-json\/wp\/v2\/comments?post=50058"}],"version-history":[{"count":0,"href":"https:\/\/gardeon.pl\/pl\/wp-json\/wp\/v2\/pages\/50058\/revisions"}],"up":[{"embeddable":true,"href":"https:\/\/gardeon.pl\/pl\/wp-json\/wp\/v2\/pages\/48819"}],"wp:attachment":[{"href":"https:\/\/gardeon.pl\/pl\/wp-json\/wp\/v2\/media?parent=50058"}],"curies":[{"name":"wp","href":"https:\/\/api.w.org\/{rel}","templated":true}]}}