{"id":50131,"date":"2026-04-23T18:13:36","date_gmt":"2026-04-23T16:13:36","guid":{"rendered":"https:\/\/gardeon.pl\/garaze\/"},"modified":"2026-04-25T10:24:53","modified_gmt":"2026-04-25T08:24:53","slug":"garaze","status":"publish","type":"page","link":"https:\/\/gardeon.pl\/pl\/garaze\/","title":{"rendered":"Gara\u017ce"},"content":{"rendered":"","protected":false},"excerpt":{"rendered":"","protected":false},"author":1,"featured_media":0,"parent":0,"menu_order":15,"comment_status":"open","ping_status":"open","template":"page-home.php","meta":{"_acf_changed":false,"inline_featured_image":false,"footnotes":""},"class_list":["post-50131","page","type-page","status-publish","hentry"],"acf":[],"yoast_head":"<!-- This site is optimized with the Yoast SEO plugin v27.4 - https:\/\/yoast.com\/product\/yoast-seo-wordpress\/ -->\n<title>Gara\u017ce blaszane modu\u0142owe z gotowym tynkiem | GARDEON<\/title>\n<meta name=\"description\" content=\"Gara\u017ce modu\u0142owe GARDEON z wyko\u0144czeniem tynkowym. Wykonamy konstrukcj\u0119 dok\u0142adnie wed\u0142ug Pa\u0144stwa oczekiwa\u0144, dopasowan\u0105 do Pa\u0144stwa potrzeb.\" \/>\n<meta name=\"robots\" content=\"index, follow, max-snippet:-1, max-image-preview:large, max-video-preview:-1\" \/>\n<link rel=\"canonical\" href=\"https:\/\/gardeon.pl\/pl\/garaze\/\" \/>\n<meta property=\"og:locale\" content=\"pl_PL\" \/>\n<meta property=\"og:type\" content=\"article\" \/>\n<meta property=\"og:title\" content=\"Gara\u017ce blaszane modu\u0142owe z gotowym tynkiem | GARDEON\" \/>\n<meta property=\"og:description\" content=\"Gara\u017ce modu\u0142owe GARDEON z wyko\u0144czeniem tynkowym. Wykonamy konstrukcj\u0119 dok\u0142adnie wed\u0142ug Pa\u0144stwa oczekiwa\u0144, dopasowan\u0105 do Pa\u0144stwa potrzeb.\" \/>\n<meta property=\"og:url\" content=\"https:\/\/gardeon.pl\/pl\/garaze\/\" \/>\n<meta property=\"og:site_name\" content=\"GARDEON\" \/>\n<meta property=\"article:modified_time\" content=\"2026-04-25T08:24:53+00:00\" \/>\n<meta property=\"og:image\" content=\"https:\/\/gardeon.pl\/wp-content\/uploads\/2022\/12\/gardeon-background-2-scaled.jpeg\" \/>\n\t<meta property=\"og:image:width\" content=\"2560\" \/>\n\t<meta property=\"og:image:height\" content=\"1440\" \/>\n\t<meta property=\"og:image:type\" content=\"image\/jpeg\" \/>\n<meta name=\"twitter:card\" content=\"summary_large_image\" \/>\n<script type=\"application\/ld+json\" class=\"yoast-schema-graph\">{\"@context\":\"https:\\\/\\\/schema.org\",\"@graph\":[{\"@type\":\"WebPage\",\"@id\":\"https:\\\/\\\/gardeon.pl\\\/pl\\\/garaze\\\/\",\"url\":\"https:\\\/\\\/gardeon.pl\\\/pl\\\/garaze\\\/\",\"name\":\"Gara\u017ce blaszane modu\u0142owe z gotowym tynkiem | GARDEON\",\"isPartOf\":{\"@id\":\"https:\\\/\\\/gardeon.pl\\\/#website\"},\"datePublished\":\"2026-04-23T16:13:36+00:00\",\"dateModified\":\"2026-04-25T08:24:53+00:00\",\"description\":\"Gara\u017ce modu\u0142owe GARDEON z wyko\u0144czeniem tynkowym. Wykonamy konstrukcj\u0119 dok\u0142adnie wed\u0142ug Pa\u0144stwa oczekiwa\u0144, dopasowan\u0105 do Pa\u0144stwa potrzeb.\",\"breadcrumb\":{\"@id\":\"https:\\\/\\\/gardeon.pl\\\/pl\\\/garaze\\\/#breadcrumb\"},\"inLanguage\":\"pl-PL\",\"potentialAction\":[{\"@type\":\"ReadAction\",\"target\":[\"https:\\\/\\\/gardeon.pl\\\/pl\\\/garaze\\\/\"]}]},{\"@type\":\"BreadcrumbList\",\"@id\":\"https:\\\/\\\/gardeon.pl\\\/pl\\\/garaze\\\/#breadcrumb\",\"itemListElement\":[{\"@type\":\"ListItem\",\"position\":1,\"name\":\"Domov\",\"item\":\"https:\\\/\\\/gardeon.pl\\\/pl\\\/\"},{\"@type\":\"ListItem\",\"position\":2,\"name\":\"Gara\u017ce\"}]},{\"@type\":\"WebSite\",\"@id\":\"https:\\\/\\\/gardeon.pl\\\/#website\",\"url\":\"https:\\\/\\\/gardeon.pl\\\/\",\"name\":\"GARDEON\",\"description\":\"\",\"potentialAction\":[{\"@type\":\"SearchAction\",\"target\":{\"@type\":\"EntryPoint\",\"urlTemplate\":\"https:\\\/\\\/gardeon.pl\\\/?s={search_term_string}\"},\"query-input\":{\"@type\":\"PropertyValueSpecification\",\"valueRequired\":true,\"valueName\":\"search_term_string\"}}],\"inLanguage\":\"pl-PL\"}]}<\/script>\n<!-- \/ Yoast SEO plugin. -->","yoast_head_json":{"title":"Gara\u017ce blaszane modu\u0142owe z gotowym tynkiem | GARDEON","description":"Gara\u017ce modu\u0142owe GARDEON z wyko\u0144czeniem tynkowym. Wykonamy konstrukcj\u0119 dok\u0142adnie wed\u0142ug Pa\u0144stwa oczekiwa\u0144, dopasowan\u0105 do Pa\u0144stwa potrzeb.","robots":{"index":"index","follow":"follow","max-snippet":"max-snippet:-1","max-image-preview":"max-image-preview:large","max-video-preview":"max-video-preview:-1"},"canonical":"https:\/\/gardeon.pl\/pl\/garaze\/","og_locale":"pl_PL","og_type":"article","og_title":"Gara\u017ce blaszane modu\u0142owe z gotowym tynkiem | GARDEON","og_description":"Gara\u017ce modu\u0142owe GARDEON z wyko\u0144czeniem tynkowym. Wykonamy konstrukcj\u0119 dok\u0142adnie wed\u0142ug Pa\u0144stwa oczekiwa\u0144, dopasowan\u0105 do Pa\u0144stwa potrzeb.","og_url":"https:\/\/gardeon.pl\/pl\/garaze\/","og_site_name":"GARDEON","article_modified_time":"2026-04-25T08:24:53+00:00","og_image":[{"width":2560,"height":1440,"url":"https:\/\/gardeon.pl\/wp-content\/uploads\/2022\/12\/gardeon-background-2-scaled.jpeg","type":"image\/jpeg"}],"twitter_card":"summary_large_image","schema":{"@context":"https:\/\/schema.org","@graph":[{"@type":"WebPage","@id":"https:\/\/gardeon.pl\/pl\/garaze\/","url":"https:\/\/gardeon.pl\/pl\/garaze\/","name":"Gara\u017ce blaszane modu\u0142owe z gotowym tynkiem | GARDEON","isPartOf":{"@id":"https:\/\/gardeon.pl\/#website"},"datePublished":"2026-04-23T16:13:36+00:00","dateModified":"2026-04-25T08:24:53+00:00","description":"Gara\u017ce modu\u0142owe GARDEON z wyko\u0144czeniem tynkowym. Wykonamy konstrukcj\u0119 dok\u0142adnie wed\u0142ug Pa\u0144stwa oczekiwa\u0144, dopasowan\u0105 do Pa\u0144stwa potrzeb.","breadcrumb":{"@id":"https:\/\/gardeon.pl\/pl\/garaze\/#breadcrumb"},"inLanguage":"pl-PL","potentialAction":[{"@type":"ReadAction","target":["https:\/\/gardeon.pl\/pl\/garaze\/"]}]},{"@type":"BreadcrumbList","@id":"https:\/\/gardeon.pl\/pl\/garaze\/#breadcrumb","itemListElement":[{"@type":"ListItem","position":1,"name":"Domov","item":"https:\/\/gardeon.pl\/pl\/"},{"@type":"ListItem","position":2,"name":"Gara\u017ce"}]},{"@type":"WebSite","@id":"https:\/\/gardeon.pl\/#website","url":"https:\/\/gardeon.pl\/","name":"GARDEON","description":"","potentialAction":[{"@type":"SearchAction","target":{"@type":"EntryPoint","urlTemplate":"https:\/\/gardeon.pl\/?s={search_term_string}"},"query-input":{"@type":"PropertyValueSpecification","valueRequired":true,"valueName":"search_term_string"}}],"inLanguage":"pl-PL"}]}},"_links":{"self":[{"href":"https:\/\/gardeon.pl\/pl\/wp-json\/wp\/v2\/pages\/50131","targetHints":{"allow":["GET"]}}],"collection":[{"href":"https:\/\/gardeon.pl\/pl\/wp-json\/wp\/v2\/pages"}],"about":[{"href":"https:\/\/gardeon.pl\/pl\/wp-json\/wp\/v2\/types\/page"}],"author":[{"embeddable":true,"href":"https:\/\/gardeon.pl\/pl\/wp-json\/wp\/v2\/users\/1"}],"replies":[{"embeddable":true,"href":"https:\/\/gardeon.pl\/pl\/wp-json\/wp\/v2\/comments?post=50131"}],"version-history":[{"count":0,"href":"https:\/\/gardeon.pl\/pl\/wp-json\/wp\/v2\/pages\/50131\/revisions"}],"wp:attachment":[{"href":"https:\/\/gardeon.pl\/pl\/wp-json\/wp\/v2\/media?parent=50131"}],"curies":[{"name":"wp","href":"https:\/\/api.w.org\/{rel}","templated":true}]}}