{"id":50370,"date":"2026-04-23T18:14:24","date_gmt":"2026-04-23T16:14:24","guid":{"rendered":"https:\/\/gardeon.pl\/jak-wybrac-domek-ogrodowy\/co-przygotowac-przed-montazem\/"},"modified":"2026-04-25T10:35:29","modified_gmt":"2026-04-25T08:35:29","slug":"co-przygotowac-przed-montazem","status":"publish","type":"page","link":"https:\/\/gardeon.pl\/pl\/domki-ogrodowe-na-narzedzia\/jak-wybrac-domek-ogrodowy\/co-przygotowac-przed-montazem\/","title":{"rendered":"Co przygotowa\u0107 przed monta\u017cem?"},"content":{"rendered":"","protected":false},"excerpt":{"rendered":"","protected":false},"author":1,"featured_media":0,"parent":49939,"menu_order":1,"comment_status":"open","ping_status":"closed","template":"page-sidebar.php","meta":{"_acf_changed":false,"inline_featured_image":false,"footnotes":""},"class_list":["post-50370","page","type-page","status-publish","hentry"],"acf":[],"yoast_head":"<!-- This site is optimized with the Yoast SEO plugin v27.4 - https:\/\/yoast.com\/product\/yoast-seo-wordpress\/ -->\n<title>Jak przygotowa\u0107 fundamenty i pod\u0142og\u0119 domku ogrodowego? | GARDEON<\/title>\n<meta name=\"description\" content=\"Jak przygotowa\u0107 p\u0142yt\u0119 betonow\u0105, kostk\u0119 brukow\u0105 z bloczkami fundamentowymi lub \u015bciank\u0119 obwodow\u0105? Przeczytaj porady dotycz\u0105ce przygotowania odpowiedniego pod\u0142o\u017ca pod domek ogrodowy.\" \/>\n<meta name=\"robots\" content=\"index, follow, max-snippet:-1, max-image-preview:large, max-video-preview:-1\" \/>\n<link rel=\"canonical\" href=\"https:\/\/gardeon.pl\/pl\/domki-ogrodowe-na-narzedzia\/jak-wybrac-domek-ogrodowy\/co-przygotowac-przed-montazem\/\" \/>\n<meta property=\"og:locale\" content=\"pl_PL\" \/>\n<meta property=\"og:type\" content=\"article\" \/>\n<meta property=\"og:title\" content=\"Jak przygotowa\u0107 fundamenty i pod\u0142og\u0119 domku ogrodowego? | GARDEON\" \/>\n<meta property=\"og:description\" content=\"Jak przygotowa\u0107 p\u0142yt\u0119 betonow\u0105, kostk\u0119 brukow\u0105 z bloczkami fundamentowymi lub \u015bciank\u0119 obwodow\u0105? Przeczytaj porady dotycz\u0105ce przygotowania odpowiedniego pod\u0142o\u017ca pod domek ogrodowy.\" \/>\n<meta property=\"og:url\" content=\"https:\/\/gardeon.pl\/pl\/domki-ogrodowe-na-narzedzia\/jak-wybrac-domek-ogrodowy\/co-przygotowac-przed-montazem\/\" \/>\n<meta property=\"og:site_name\" content=\"GARDEON\" \/>\n<meta property=\"article:modified_time\" content=\"2026-04-25T08:35:29+00:00\" \/>\n<meta property=\"og:image\" content=\"http:\/\/gardeon.pl\/wp-content\/uploads\/2019\/09\/gardeon_logo_basic-copy.jpg\" \/>\n<meta name=\"twitter:card\" content=\"summary_large_image\" \/>\n<script type=\"application\/ld+json\" class=\"yoast-schema-graph\">{\"@context\":\"https:\\\/\\\/schema.org\",\"@graph\":[{\"@type\":\"WebPage\",\"@id\":\"https:\\\/\\\/gardeon.pl\\\/pl\\\/domki-ogrodowe-na-narzedzia\\\/jak-wybrac-domek-ogrodowy\\\/co-przygotowac-przed-montazem\\\/\",\"url\":\"https:\\\/\\\/gardeon.pl\\\/pl\\\/domki-ogrodowe-na-narzedzia\\\/jak-wybrac-domek-ogrodowy\\\/co-przygotowac-przed-montazem\\\/\",\"name\":\"Jak przygotowa\u0107 fundamenty i pod\u0142og\u0119 domku ogrodowego? | GARDEON\",\"isPartOf\":{\"@id\":\"https:\\\/\\\/gardeon.pl\\\/#website\"},\"datePublished\":\"2026-04-23T16:14:24+00:00\",\"dateModified\":\"2026-04-25T08:35:29+00:00\",\"description\":\"Jak przygotowa\u0107 p\u0142yt\u0119 betonow\u0105, kostk\u0119 brukow\u0105 z bloczkami fundamentowymi lub \u015bciank\u0119 obwodow\u0105? Przeczytaj porady dotycz\u0105ce przygotowania odpowiedniego pod\u0142o\u017ca pod domek ogrodowy.\",\"breadcrumb\":{\"@id\":\"https:\\\/\\\/gardeon.pl\\\/pl\\\/domki-ogrodowe-na-narzedzia\\\/jak-wybrac-domek-ogrodowy\\\/co-przygotowac-przed-montazem\\\/#breadcrumb\"},\"inLanguage\":\"pl-PL\",\"potentialAction\":[{\"@type\":\"ReadAction\",\"target\":[\"https:\\\/\\\/gardeon.pl\\\/pl\\\/domki-ogrodowe-na-narzedzia\\\/jak-wybrac-domek-ogrodowy\\\/co-przygotowac-przed-montazem\\\/\"]}]},{\"@type\":\"BreadcrumbList\",\"@id\":\"https:\\\/\\\/gardeon.pl\\\/pl\\\/domki-ogrodowe-na-narzedzia\\\/jak-wybrac-domek-ogrodowy\\\/co-przygotowac-przed-montazem\\\/#breadcrumb\",\"itemListElement\":[{\"@type\":\"ListItem\",\"position\":1,\"name\":\"Domov\",\"item\":\"https:\\\/\\\/gardeon.pl\\\/pl\\\/\"},{\"@type\":\"ListItem\",\"position\":2,\"name\":\"Domki ogrodowe na narz\u0119dzia\",\"item\":\"https:\\\/\\\/gardeon.pl\\\/pl\\\/domki-ogrodowe-na-narzedzia\\\/\"},{\"@type\":\"ListItem\",\"position\":3,\"name\":\"Jak wybra\u0107 domek ogrodowy?\",\"item\":\"https:\\\/\\\/gardeon.pl\\\/pl\\\/domki-ogrodowe-na-narzedzia\\\/jak-wybrac-domek-ogrodowy\\\/\"},{\"@type\":\"ListItem\",\"position\":4,\"name\":\"Co przygotowa\u0107 przed monta\u017cem?\"}]},{\"@type\":\"WebSite\",\"@id\":\"https:\\\/\\\/gardeon.pl\\\/#website\",\"url\":\"https:\\\/\\\/gardeon.pl\\\/\",\"name\":\"GARDEON\",\"description\":\"\",\"potentialAction\":[{\"@type\":\"SearchAction\",\"target\":{\"@type\":\"EntryPoint\",\"urlTemplate\":\"https:\\\/\\\/gardeon.pl\\\/?s={search_term_string}\"},\"query-input\":{\"@type\":\"PropertyValueSpecification\",\"valueRequired\":true,\"valueName\":\"search_term_string\"}}],\"inLanguage\":\"pl-PL\"}]}<\/script>\n<!-- \/ Yoast SEO plugin. -->","yoast_head_json":{"title":"Jak przygotowa\u0107 fundamenty i pod\u0142og\u0119 domku ogrodowego? | GARDEON","description":"Jak przygotowa\u0107 p\u0142yt\u0119 betonow\u0105, kostk\u0119 brukow\u0105 z bloczkami fundamentowymi lub \u015bciank\u0119 obwodow\u0105? Przeczytaj porady dotycz\u0105ce przygotowania odpowiedniego pod\u0142o\u017ca pod domek ogrodowy.","robots":{"index":"index","follow":"follow","max-snippet":"max-snippet:-1","max-image-preview":"max-image-preview:large","max-video-preview":"max-video-preview:-1"},"canonical":"https:\/\/gardeon.pl\/pl\/domki-ogrodowe-na-narzedzia\/jak-wybrac-domek-ogrodowy\/co-przygotowac-przed-montazem\/","og_locale":"pl_PL","og_type":"article","og_title":"Jak przygotowa\u0107 fundamenty i pod\u0142og\u0119 domku ogrodowego? | GARDEON","og_description":"Jak przygotowa\u0107 p\u0142yt\u0119 betonow\u0105, kostk\u0119 brukow\u0105 z bloczkami fundamentowymi lub \u015bciank\u0119 obwodow\u0105? Przeczytaj porady dotycz\u0105ce przygotowania odpowiedniego pod\u0142o\u017ca pod domek ogrodowy.","og_url":"https:\/\/gardeon.pl\/pl\/domki-ogrodowe-na-narzedzia\/jak-wybrac-domek-ogrodowy\/co-przygotowac-przed-montazem\/","og_site_name":"GARDEON","article_modified_time":"2026-04-25T08:35:29+00:00","og_image":[{"url":"http:\/\/gardeon.pl\/wp-content\/uploads\/2019\/09\/gardeon_logo_basic-copy.jpg","type":"","width":"","height":""}],"twitter_card":"summary_large_image","schema":{"@context":"https:\/\/schema.org","@graph":[{"@type":"WebPage","@id":"https:\/\/gardeon.pl\/pl\/domki-ogrodowe-na-narzedzia\/jak-wybrac-domek-ogrodowy\/co-przygotowac-przed-montazem\/","url":"https:\/\/gardeon.pl\/pl\/domki-ogrodowe-na-narzedzia\/jak-wybrac-domek-ogrodowy\/co-przygotowac-przed-montazem\/","name":"Jak przygotowa\u0107 fundamenty i pod\u0142og\u0119 domku ogrodowego? | GARDEON","isPartOf":{"@id":"https:\/\/gardeon.pl\/#website"},"datePublished":"2026-04-23T16:14:24+00:00","dateModified":"2026-04-25T08:35:29+00:00","description":"Jak przygotowa\u0107 p\u0142yt\u0119 betonow\u0105, kostk\u0119 brukow\u0105 z bloczkami fundamentowymi lub \u015bciank\u0119 obwodow\u0105? Przeczytaj porady dotycz\u0105ce przygotowania odpowiedniego pod\u0142o\u017ca pod domek ogrodowy.","breadcrumb":{"@id":"https:\/\/gardeon.pl\/pl\/domki-ogrodowe-na-narzedzia\/jak-wybrac-domek-ogrodowy\/co-przygotowac-przed-montazem\/#breadcrumb"},"inLanguage":"pl-PL","potentialAction":[{"@type":"ReadAction","target":["https:\/\/gardeon.pl\/pl\/domki-ogrodowe-na-narzedzia\/jak-wybrac-domek-ogrodowy\/co-przygotowac-przed-montazem\/"]}]},{"@type":"BreadcrumbList","@id":"https:\/\/gardeon.pl\/pl\/domki-ogrodowe-na-narzedzia\/jak-wybrac-domek-ogrodowy\/co-przygotowac-przed-montazem\/#breadcrumb","itemListElement":[{"@type":"ListItem","position":1,"name":"Domov","item":"https:\/\/gardeon.pl\/pl\/"},{"@type":"ListItem","position":2,"name":"Domki ogrodowe na narz\u0119dzia","item":"https:\/\/gardeon.pl\/pl\/domki-ogrodowe-na-narzedzia\/"},{"@type":"ListItem","position":3,"name":"Jak wybra\u0107 domek ogrodowy?","item":"https:\/\/gardeon.pl\/pl\/domki-ogrodowe-na-narzedzia\/jak-wybrac-domek-ogrodowy\/"},{"@type":"ListItem","position":4,"name":"Co przygotowa\u0107 przed monta\u017cem?"}]},{"@type":"WebSite","@id":"https:\/\/gardeon.pl\/#website","url":"https:\/\/gardeon.pl\/","name":"GARDEON","description":"","potentialAction":[{"@type":"SearchAction","target":{"@type":"EntryPoint","urlTemplate":"https:\/\/gardeon.pl\/?s={search_term_string}"},"query-input":{"@type":"PropertyValueSpecification","valueRequired":true,"valueName":"search_term_string"}}],"inLanguage":"pl-PL"}]}},"_links":{"self":[{"href":"https:\/\/gardeon.pl\/pl\/wp-json\/wp\/v2\/pages\/50370","targetHints":{"allow":["GET"]}}],"collection":[{"href":"https:\/\/gardeon.pl\/pl\/wp-json\/wp\/v2\/pages"}],"about":[{"href":"https:\/\/gardeon.pl\/pl\/wp-json\/wp\/v2\/types\/page"}],"author":[{"embeddable":true,"href":"https:\/\/gardeon.pl\/pl\/wp-json\/wp\/v2\/users\/1"}],"replies":[{"embeddable":true,"href":"https:\/\/gardeon.pl\/pl\/wp-json\/wp\/v2\/comments?post=50370"}],"version-history":[{"count":0,"href":"https:\/\/gardeon.pl\/pl\/wp-json\/wp\/v2\/pages\/50370\/revisions"}],"up":[{"embeddable":true,"href":"https:\/\/gardeon.pl\/pl\/wp-json\/wp\/v2\/pages\/49939"}],"wp:attachment":[{"href":"https:\/\/gardeon.pl\/pl\/wp-json\/wp\/v2\/media?parent=50370"}],"curies":[{"name":"wp","href":"https:\/\/api.w.org\/{rel}","templated":true}]}}