{"id":50396,"date":"2026-04-23T18:14:25","date_gmt":"2026-04-23T16:14:25","guid":{"rendered":"https:\/\/gardeon.pl\/gdzie-postawic-garaz\/"},"modified":"2026-04-25T10:37:04","modified_gmt":"2026-04-25T08:37:04","slug":"gdzie-postawic-garaz","status":"publish","type":"page","link":"https:\/\/gardeon.pl\/pl\/garaze\/jak-wybrac-garaz\/gdzie-postawic-garaz\/","title":{"rendered":"Gdzie postawi\u0107 gara\u017c?"},"content":{"rendered":"","protected":false},"excerpt":{"rendered":"","protected":false},"author":1,"featured_media":0,"parent":50802,"menu_order":0,"comment_status":"closed","ping_status":"closed","template":"page-sidebar.php","meta":{"_acf_changed":false,"inline_featured_image":false,"footnotes":""},"class_list":["post-50396","page","type-page","status-publish","hentry"],"acf":[],"yoast_head":"<!-- This site is optimized with the Yoast SEO plugin v27.4 - https:\/\/yoast.com\/product\/yoast-seo-wordpress\/ -->\n<title>Gdzie postawi\u0107 gara\u017c \u2013 na granicy dzia\u0142ki czy przy domu? | GARDEON<\/title>\n<meta name=\"description\" content=\"Gara\u017c postawiony obok domu, w linii ogrodzenia czy przed domem? Przy podejmowaniu decyzji o lokalizacji gara\u017cu istnieje kilka mo\u017cliwo\u015bci do wyboru.\" \/>\n<meta name=\"robots\" content=\"index, follow, max-snippet:-1, max-image-preview:large, max-video-preview:-1\" \/>\n<link rel=\"canonical\" href=\"https:\/\/gardeon.pl\/pl\/garaze\/jak-wybrac-garaz\/gdzie-postawic-garaz\/\" \/>\n<meta property=\"og:locale\" content=\"pl_PL\" \/>\n<meta property=\"og:type\" content=\"article\" \/>\n<meta property=\"og:title\" content=\"Gdzie postawi\u0107 gara\u017c \u2013 na granicy dzia\u0142ki czy przy domu? | GARDEON\" \/>\n<meta property=\"og:description\" content=\"Gara\u017c postawiony obok domu, w linii ogrodzenia czy przed domem? Przy podejmowaniu decyzji o lokalizacji gara\u017cu istnieje kilka mo\u017cliwo\u015bci do wyboru.\" \/>\n<meta property=\"og:url\" content=\"https:\/\/gardeon.pl\/pl\/garaze\/jak-wybrac-garaz\/gdzie-postawic-garaz\/\" \/>\n<meta property=\"og:site_name\" content=\"GARDEON\" \/>\n<meta property=\"article:modified_time\" content=\"2026-04-25T08:37:04+00:00\" \/>\n<meta property=\"og:image\" content=\"https:\/\/gardeon.pl\/wp-content\/uploads\/2022\/12\/gardeon-background-2-scaled.jpeg\" \/>\n\t<meta property=\"og:image:width\" content=\"2560\" \/>\n\t<meta property=\"og:image:height\" content=\"1440\" \/>\n\t<meta property=\"og:image:type\" content=\"image\/jpeg\" \/>\n<meta name=\"twitter:card\" content=\"summary_large_image\" \/>\n<script type=\"application\/ld+json\" class=\"yoast-schema-graph\">{\"@context\":\"https:\\\/\\\/schema.org\",\"@graph\":[{\"@type\":\"WebPage\",\"@id\":\"https:\\\/\\\/gardeon.pl\\\/pl\\\/garaze\\\/jak-wybrac-garaz\\\/gdzie-postawic-garaz\\\/\",\"url\":\"https:\\\/\\\/gardeon.pl\\\/pl\\\/garaze\\\/jak-wybrac-garaz\\\/gdzie-postawic-garaz\\\/\",\"name\":\"Gdzie postawi\u0107 gara\u017c \u2013 na granicy dzia\u0142ki czy przy domu? | GARDEON\",\"isPartOf\":{\"@id\":\"https:\\\/\\\/gardeon.pl\\\/#website\"},\"datePublished\":\"2026-04-23T16:14:25+00:00\",\"dateModified\":\"2026-04-25T08:37:04+00:00\",\"description\":\"Gara\u017c postawiony obok domu, w linii ogrodzenia czy przed domem? Przy podejmowaniu decyzji o lokalizacji gara\u017cu istnieje kilka mo\u017cliwo\u015bci do wyboru.\",\"breadcrumb\":{\"@id\":\"https:\\\/\\\/gardeon.pl\\\/pl\\\/garaze\\\/jak-wybrac-garaz\\\/gdzie-postawic-garaz\\\/#breadcrumb\"},\"inLanguage\":\"pl-PL\",\"potentialAction\":[{\"@type\":\"ReadAction\",\"target\":[\"https:\\\/\\\/gardeon.pl\\\/pl\\\/garaze\\\/jak-wybrac-garaz\\\/gdzie-postawic-garaz\\\/\"]}]},{\"@type\":\"BreadcrumbList\",\"@id\":\"https:\\\/\\\/gardeon.pl\\\/pl\\\/garaze\\\/jak-wybrac-garaz\\\/gdzie-postawic-garaz\\\/#breadcrumb\",\"itemListElement\":[{\"@type\":\"ListItem\",\"position\":1,\"name\":\"Domov\",\"item\":\"https:\\\/\\\/gardeon.pl\\\/pl\\\/\"},{\"@type\":\"ListItem\",\"position\":2,\"name\":\"Gara\u017ce\",\"item\":\"https:\\\/\\\/gardeon.pl\\\/pl\\\/garaze\\\/\"},{\"@type\":\"ListItem\",\"position\":3,\"name\":\"Jak wybra\u0107 gara\u017c?\",\"item\":\"https:\\\/\\\/gardeon.pl\\\/pl\\\/garaze\\\/jak-wybrac-garaz\\\/\"},{\"@type\":\"ListItem\",\"position\":4,\"name\":\"Gdzie postawi\u0107 gara\u017c?\"}]},{\"@type\":\"WebSite\",\"@id\":\"https:\\\/\\\/gardeon.pl\\\/#website\",\"url\":\"https:\\\/\\\/gardeon.pl\\\/\",\"name\":\"GARDEON\",\"description\":\"\",\"potentialAction\":[{\"@type\":\"SearchAction\",\"target\":{\"@type\":\"EntryPoint\",\"urlTemplate\":\"https:\\\/\\\/gardeon.pl\\\/?s={search_term_string}\"},\"query-input\":{\"@type\":\"PropertyValueSpecification\",\"valueRequired\":true,\"valueName\":\"search_term_string\"}}],\"inLanguage\":\"pl-PL\"}]}<\/script>\n<!-- \/ Yoast SEO plugin. -->","yoast_head_json":{"title":"Gdzie postawi\u0107 gara\u017c \u2013 na granicy dzia\u0142ki czy przy domu? | GARDEON","description":"Gara\u017c postawiony obok domu, w linii ogrodzenia czy przed domem? Przy podejmowaniu decyzji o lokalizacji gara\u017cu istnieje kilka mo\u017cliwo\u015bci do wyboru.","robots":{"index":"index","follow":"follow","max-snippet":"max-snippet:-1","max-image-preview":"max-image-preview:large","max-video-preview":"max-video-preview:-1"},"canonical":"https:\/\/gardeon.pl\/pl\/garaze\/jak-wybrac-garaz\/gdzie-postawic-garaz\/","og_locale":"pl_PL","og_type":"article","og_title":"Gdzie postawi\u0107 gara\u017c \u2013 na granicy dzia\u0142ki czy przy domu? | GARDEON","og_description":"Gara\u017c postawiony obok domu, w linii ogrodzenia czy przed domem? Przy podejmowaniu decyzji o lokalizacji gara\u017cu istnieje kilka mo\u017cliwo\u015bci do wyboru.","og_url":"https:\/\/gardeon.pl\/pl\/garaze\/jak-wybrac-garaz\/gdzie-postawic-garaz\/","og_site_name":"GARDEON","article_modified_time":"2026-04-25T08:37:04+00:00","og_image":[{"width":2560,"height":1440,"url":"https:\/\/gardeon.pl\/wp-content\/uploads\/2022\/12\/gardeon-background-2-scaled.jpeg","type":"image\/jpeg"}],"twitter_card":"summary_large_image","schema":{"@context":"https:\/\/schema.org","@graph":[{"@type":"WebPage","@id":"https:\/\/gardeon.pl\/pl\/garaze\/jak-wybrac-garaz\/gdzie-postawic-garaz\/","url":"https:\/\/gardeon.pl\/pl\/garaze\/jak-wybrac-garaz\/gdzie-postawic-garaz\/","name":"Gdzie postawi\u0107 gara\u017c \u2013 na granicy dzia\u0142ki czy przy domu? | GARDEON","isPartOf":{"@id":"https:\/\/gardeon.pl\/#website"},"datePublished":"2026-04-23T16:14:25+00:00","dateModified":"2026-04-25T08:37:04+00:00","description":"Gara\u017c postawiony obok domu, w linii ogrodzenia czy przed domem? Przy podejmowaniu decyzji o lokalizacji gara\u017cu istnieje kilka mo\u017cliwo\u015bci do wyboru.","breadcrumb":{"@id":"https:\/\/gardeon.pl\/pl\/garaze\/jak-wybrac-garaz\/gdzie-postawic-garaz\/#breadcrumb"},"inLanguage":"pl-PL","potentialAction":[{"@type":"ReadAction","target":["https:\/\/gardeon.pl\/pl\/garaze\/jak-wybrac-garaz\/gdzie-postawic-garaz\/"]}]},{"@type":"BreadcrumbList","@id":"https:\/\/gardeon.pl\/pl\/garaze\/jak-wybrac-garaz\/gdzie-postawic-garaz\/#breadcrumb","itemListElement":[{"@type":"ListItem","position":1,"name":"Domov","item":"https:\/\/gardeon.pl\/pl\/"},{"@type":"ListItem","position":2,"name":"Gara\u017ce","item":"https:\/\/gardeon.pl\/pl\/garaze\/"},{"@type":"ListItem","position":3,"name":"Jak wybra\u0107 gara\u017c?","item":"https:\/\/gardeon.pl\/pl\/garaze\/jak-wybrac-garaz\/"},{"@type":"ListItem","position":4,"name":"Gdzie postawi\u0107 gara\u017c?"}]},{"@type":"WebSite","@id":"https:\/\/gardeon.pl\/#website","url":"https:\/\/gardeon.pl\/","name":"GARDEON","description":"","potentialAction":[{"@type":"SearchAction","target":{"@type":"EntryPoint","urlTemplate":"https:\/\/gardeon.pl\/?s={search_term_string}"},"query-input":{"@type":"PropertyValueSpecification","valueRequired":true,"valueName":"search_term_string"}}],"inLanguage":"pl-PL"}]}},"_links":{"self":[{"href":"https:\/\/gardeon.pl\/pl\/wp-json\/wp\/v2\/pages\/50396","targetHints":{"allow":["GET"]}}],"collection":[{"href":"https:\/\/gardeon.pl\/pl\/wp-json\/wp\/v2\/pages"}],"about":[{"href":"https:\/\/gardeon.pl\/pl\/wp-json\/wp\/v2\/types\/page"}],"author":[{"embeddable":true,"href":"https:\/\/gardeon.pl\/pl\/wp-json\/wp\/v2\/users\/1"}],"replies":[{"embeddable":true,"href":"https:\/\/gardeon.pl\/pl\/wp-json\/wp\/v2\/comments?post=50396"}],"version-history":[{"count":0,"href":"https:\/\/gardeon.pl\/pl\/wp-json\/wp\/v2\/pages\/50396\/revisions"}],"up":[{"embeddable":true,"href":"https:\/\/gardeon.pl\/pl\/wp-json\/wp\/v2\/pages\/50802"}],"wp:attachment":[{"href":"https:\/\/gardeon.pl\/pl\/wp-json\/wp\/v2\/media?parent=50396"}],"curies":[{"name":"wp","href":"https:\/\/api.w.org\/{rel}","templated":true}]}}