{"id":50950,"date":"2026-04-23T18:16:32","date_gmt":"2026-04-23T16:16:32","guid":{"rendered":"https:\/\/gardeon.pl\/wiaty\/uslugi-dla-wiat\/czy-potrzebuje-pozwolenia-na-budowe-wiaty\/"},"modified":"2026-04-25T10:37:50","modified_gmt":"2026-04-25T08:37:50","slug":"czy-potrzebuje-pozwolenia-na-budowe-wiaty","status":"publish","type":"page","link":"https:\/\/gardeon.pl\/pl\/wiaty\/uslugi-dla-wiat\/czy-potrzebuje-pozwolenia-na-budowe-wiaty\/","title":{"rendered":"Czy potrzebuj\u0119 pozwolenia na budow\u0119 wiaty?"},"content":{"rendered":"","protected":false},"excerpt":{"rendered":"","protected":false},"author":1,"featured_media":0,"parent":50404,"menu_order":0,"comment_status":"closed","ping_status":"closed","template":"page-sidebar.php","meta":{"_acf_changed":false,"inline_featured_image":false,"footnotes":""},"class_list":["post-50950","page","type-page","status-publish","hentry"],"acf":[],"yoast_head":"<!-- This site is optimized with the Yoast SEO plugin v27.4 - https:\/\/yoast.com\/product\/yoast-seo-wordpress\/ -->\n<title>Czy potrzebuj\u0119 pozwolenia na budow\u0119 wiaty gara\u017cowej? | GARDEON<\/title>\n<meta name=\"description\" content=\"Nowe prawo budowlane inaczej podchodzi obecnie do pozwolenia na budow\u0119 wiaty gara\u017cowej. Kiedy mo\u017cna budowa\u0107 bez pozwolenia na budow\u0119 (nowo: pozwolenia na zamierzenie budowlane)?\" \/>\n<meta name=\"robots\" content=\"index, follow, max-snippet:-1, max-image-preview:large, max-video-preview:-1\" \/>\n<link rel=\"canonical\" href=\"https:\/\/gardeon.pl\/pl\/wiaty\/uslugi-dla-wiat\/czy-potrzebuje-pozwolenia-na-budowe-wiaty\/\" \/>\n<meta property=\"og:locale\" content=\"pl_PL\" \/>\n<meta property=\"og:type\" content=\"article\" \/>\n<meta property=\"og:title\" content=\"Czy potrzebuj\u0119 pozwolenia na budow\u0119 wiaty gara\u017cowej? | GARDEON\" \/>\n<meta property=\"og:description\" content=\"Nowe prawo budowlane inaczej podchodzi obecnie do pozwolenia na budow\u0119 wiaty gara\u017cowej. Kiedy mo\u017cna budowa\u0107 bez pozwolenia na budow\u0119 (nowo: pozwolenia na zamierzenie budowlane)?\" \/>\n<meta property=\"og:url\" content=\"https:\/\/gardeon.pl\/pl\/wiaty\/uslugi-dla-wiat\/czy-potrzebuje-pozwolenia-na-budowe-wiaty\/\" \/>\n<meta property=\"og:site_name\" content=\"GARDEON\" \/>\n<meta property=\"article:modified_time\" content=\"2026-04-25T08:37:50+00:00\" \/>\n<meta property=\"og:image\" content=\"https:\/\/gardeon.pl\/wp-content\/uploads\/2022\/12\/gardeon-background-2-scaled.jpeg\" \/>\n\t<meta property=\"og:image:width\" content=\"2560\" \/>\n\t<meta property=\"og:image:height\" content=\"1440\" \/>\n\t<meta property=\"og:image:type\" content=\"image\/jpeg\" \/>\n<meta name=\"twitter:card\" content=\"summary_large_image\" \/>\n<script type=\"application\/ld+json\" class=\"yoast-schema-graph\">{\"@context\":\"https:\\\/\\\/schema.org\",\"@graph\":[{\"@type\":\"WebPage\",\"@id\":\"https:\\\/\\\/gardeon.pl\\\/pl\\\/wiaty\\\/uslugi-dla-wiat\\\/czy-potrzebuje-pozwolenia-na-budowe-wiaty\\\/\",\"url\":\"https:\\\/\\\/gardeon.pl\\\/pl\\\/wiaty\\\/uslugi-dla-wiat\\\/czy-potrzebuje-pozwolenia-na-budowe-wiaty\\\/\",\"name\":\"Czy potrzebuj\u0119 pozwolenia na budow\u0119 wiaty gara\u017cowej? | GARDEON\",\"isPartOf\":{\"@id\":\"https:\\\/\\\/gardeon.pl\\\/#website\"},\"datePublished\":\"2026-04-23T16:16:32+00:00\",\"dateModified\":\"2026-04-25T08:37:50+00:00\",\"description\":\"Nowe prawo budowlane inaczej podchodzi obecnie do pozwolenia na budow\u0119 wiaty gara\u017cowej. Kiedy mo\u017cna budowa\u0107 bez pozwolenia na budow\u0119 (nowo: pozwolenia na zamierzenie budowlane)?\",\"breadcrumb\":{\"@id\":\"https:\\\/\\\/gardeon.pl\\\/pl\\\/wiaty\\\/uslugi-dla-wiat\\\/czy-potrzebuje-pozwolenia-na-budowe-wiaty\\\/#breadcrumb\"},\"inLanguage\":\"pl-PL\",\"potentialAction\":[{\"@type\":\"ReadAction\",\"target\":[\"https:\\\/\\\/gardeon.pl\\\/pl\\\/wiaty\\\/uslugi-dla-wiat\\\/czy-potrzebuje-pozwolenia-na-budowe-wiaty\\\/\"]}]},{\"@type\":\"BreadcrumbList\",\"@id\":\"https:\\\/\\\/gardeon.pl\\\/pl\\\/wiaty\\\/uslugi-dla-wiat\\\/czy-potrzebuje-pozwolenia-na-budowe-wiaty\\\/#breadcrumb\",\"itemListElement\":[{\"@type\":\"ListItem\",\"position\":1,\"name\":\"Domov\",\"item\":\"https:\\\/\\\/gardeon.pl\\\/pl\\\/\"},{\"@type\":\"ListItem\",\"position\":2,\"name\":\"Wiaty\",\"item\":\"https:\\\/\\\/gardeon.pl\\\/pl\\\/wiaty\\\/\"},{\"@type\":\"ListItem\",\"position\":3,\"name\":\"Us\u0142ugi dla wiat\",\"item\":\"https:\\\/\\\/gardeon.pl\\\/pl\\\/wiaty\\\/uslugi-dla-wiat\\\/\"},{\"@type\":\"ListItem\",\"position\":4,\"name\":\"Czy potrzebuj\u0119 pozwolenia na budow\u0119 wiaty?\"}]},{\"@type\":\"WebSite\",\"@id\":\"https:\\\/\\\/gardeon.pl\\\/#website\",\"url\":\"https:\\\/\\\/gardeon.pl\\\/\",\"name\":\"GARDEON\",\"description\":\"\",\"potentialAction\":[{\"@type\":\"SearchAction\",\"target\":{\"@type\":\"EntryPoint\",\"urlTemplate\":\"https:\\\/\\\/gardeon.pl\\\/?s={search_term_string}\"},\"query-input\":{\"@type\":\"PropertyValueSpecification\",\"valueRequired\":true,\"valueName\":\"search_term_string\"}}],\"inLanguage\":\"pl-PL\"}]}<\/script>\n<!-- \/ Yoast SEO plugin. -->","yoast_head_json":{"title":"Czy potrzebuj\u0119 pozwolenia na budow\u0119 wiaty gara\u017cowej? | GARDEON","description":"Nowe prawo budowlane inaczej podchodzi obecnie do pozwolenia na budow\u0119 wiaty gara\u017cowej. Kiedy mo\u017cna budowa\u0107 bez pozwolenia na budow\u0119 (nowo: pozwolenia na zamierzenie budowlane)?","robots":{"index":"index","follow":"follow","max-snippet":"max-snippet:-1","max-image-preview":"max-image-preview:large","max-video-preview":"max-video-preview:-1"},"canonical":"https:\/\/gardeon.pl\/pl\/wiaty\/uslugi-dla-wiat\/czy-potrzebuje-pozwolenia-na-budowe-wiaty\/","og_locale":"pl_PL","og_type":"article","og_title":"Czy potrzebuj\u0119 pozwolenia na budow\u0119 wiaty gara\u017cowej? | GARDEON","og_description":"Nowe prawo budowlane inaczej podchodzi obecnie do pozwolenia na budow\u0119 wiaty gara\u017cowej. Kiedy mo\u017cna budowa\u0107 bez pozwolenia na budow\u0119 (nowo: pozwolenia na zamierzenie budowlane)?","og_url":"https:\/\/gardeon.pl\/pl\/wiaty\/uslugi-dla-wiat\/czy-potrzebuje-pozwolenia-na-budowe-wiaty\/","og_site_name":"GARDEON","article_modified_time":"2026-04-25T08:37:50+00:00","og_image":[{"width":2560,"height":1440,"url":"https:\/\/gardeon.pl\/wp-content\/uploads\/2022\/12\/gardeon-background-2-scaled.jpeg","type":"image\/jpeg"}],"twitter_card":"summary_large_image","schema":{"@context":"https:\/\/schema.org","@graph":[{"@type":"WebPage","@id":"https:\/\/gardeon.pl\/pl\/wiaty\/uslugi-dla-wiat\/czy-potrzebuje-pozwolenia-na-budowe-wiaty\/","url":"https:\/\/gardeon.pl\/pl\/wiaty\/uslugi-dla-wiat\/czy-potrzebuje-pozwolenia-na-budowe-wiaty\/","name":"Czy potrzebuj\u0119 pozwolenia na budow\u0119 wiaty gara\u017cowej? | GARDEON","isPartOf":{"@id":"https:\/\/gardeon.pl\/#website"},"datePublished":"2026-04-23T16:16:32+00:00","dateModified":"2026-04-25T08:37:50+00:00","description":"Nowe prawo budowlane inaczej podchodzi obecnie do pozwolenia na budow\u0119 wiaty gara\u017cowej. Kiedy mo\u017cna budowa\u0107 bez pozwolenia na budow\u0119 (nowo: pozwolenia na zamierzenie budowlane)?","breadcrumb":{"@id":"https:\/\/gardeon.pl\/pl\/wiaty\/uslugi-dla-wiat\/czy-potrzebuje-pozwolenia-na-budowe-wiaty\/#breadcrumb"},"inLanguage":"pl-PL","potentialAction":[{"@type":"ReadAction","target":["https:\/\/gardeon.pl\/pl\/wiaty\/uslugi-dla-wiat\/czy-potrzebuje-pozwolenia-na-budowe-wiaty\/"]}]},{"@type":"BreadcrumbList","@id":"https:\/\/gardeon.pl\/pl\/wiaty\/uslugi-dla-wiat\/czy-potrzebuje-pozwolenia-na-budowe-wiaty\/#breadcrumb","itemListElement":[{"@type":"ListItem","position":1,"name":"Domov","item":"https:\/\/gardeon.pl\/pl\/"},{"@type":"ListItem","position":2,"name":"Wiaty","item":"https:\/\/gardeon.pl\/pl\/wiaty\/"},{"@type":"ListItem","position":3,"name":"Us\u0142ugi dla wiat","item":"https:\/\/gardeon.pl\/pl\/wiaty\/uslugi-dla-wiat\/"},{"@type":"ListItem","position":4,"name":"Czy potrzebuj\u0119 pozwolenia na budow\u0119 wiaty?"}]},{"@type":"WebSite","@id":"https:\/\/gardeon.pl\/#website","url":"https:\/\/gardeon.pl\/","name":"GARDEON","description":"","potentialAction":[{"@type":"SearchAction","target":{"@type":"EntryPoint","urlTemplate":"https:\/\/gardeon.pl\/?s={search_term_string}"},"query-input":{"@type":"PropertyValueSpecification","valueRequired":true,"valueName":"search_term_string"}}],"inLanguage":"pl-PL"}]}},"_links":{"self":[{"href":"https:\/\/gardeon.pl\/pl\/wp-json\/wp\/v2\/pages\/50950","targetHints":{"allow":["GET"]}}],"collection":[{"href":"https:\/\/gardeon.pl\/pl\/wp-json\/wp\/v2\/pages"}],"about":[{"href":"https:\/\/gardeon.pl\/pl\/wp-json\/wp\/v2\/types\/page"}],"author":[{"embeddable":true,"href":"https:\/\/gardeon.pl\/pl\/wp-json\/wp\/v2\/users\/1"}],"replies":[{"embeddable":true,"href":"https:\/\/gardeon.pl\/pl\/wp-json\/wp\/v2\/comments?post=50950"}],"version-history":[{"count":0,"href":"https:\/\/gardeon.pl\/pl\/wp-json\/wp\/v2\/pages\/50950\/revisions"}],"up":[{"embeddable":true,"href":"https:\/\/gardeon.pl\/pl\/wp-json\/wp\/v2\/pages\/50404"}],"wp:attachment":[{"href":"https:\/\/gardeon.pl\/pl\/wp-json\/wp\/v2\/media?parent=50950"}],"curies":[{"name":"wp","href":"https:\/\/api.w.org\/{rel}","templated":true}]}}