{"id":51255,"date":"2026-04-23T18:17:29","date_gmt":"2026-04-23T16:17:29","guid":{"rendered":"https:\/\/gardeon.pl\/domki-ogrodowe-na-narzedzia\/akcesoria-dodatki\/system-rynnowy-do-domkow-ogrodowych\/"},"modified":"2026-04-25T10:37:14","modified_gmt":"2026-04-25T08:37:14","slug":"system-rynnowy-do-domkow-ogrodowych","status":"publish","type":"page","link":"https:\/\/gardeon.pl\/pl\/domki-ogrodowe-na-narzedzia\/akcesoria-dodatki\/system-rynnowy-do-domkow-ogrodowych\/","title":{"rendered":"System rynnowy do domk\u00f3w ogrodowych"},"content":{"rendered":"","protected":false},"excerpt":{"rendered":"","protected":false},"author":1,"featured_media":0,"parent":51240,"menu_order":2,"comment_status":"closed","ping_status":"closed","template":"page-sidebar.php","meta":{"_acf_changed":false,"inline_featured_image":false,"footnotes":""},"class_list":["post-51255","page","type-page","status-publish","hentry"],"acf":[],"yoast_head":"<!-- This site is optimized with the Yoast SEO plugin v27.4 - https:\/\/yoast.com\/product\/yoast-seo-wordpress\/ -->\n<title>System rynnowy do domk\u00f3w ogrodowych | Domki ogrodowe | GARDEON<\/title>\n<meta name=\"description\" content=\"Wysokiej jako\u015bci system rynnowy jest niezb\u0119dnym elementem ka\u017cdego domku ogrodowego z p\u0142askim lub spadzistym dachem. Dost\u0119pny w wielu wariantach kolorystycznych.\" \/>\n<meta name=\"robots\" content=\"index, follow, max-snippet:-1, max-image-preview:large, max-video-preview:-1\" \/>\n<link rel=\"canonical\" href=\"https:\/\/gardeon.pl\/pl\/domki-ogrodowe-na-narzedzia\/akcesoria-dodatki\/system-rynnowy-do-domkow-ogrodowych\/\" \/>\n<meta property=\"og:locale\" content=\"pl_PL\" \/>\n<meta property=\"og:type\" content=\"article\" \/>\n<meta property=\"og:title\" content=\"System rynnowy do domk\u00f3w ogrodowych | Domki ogrodowe | GARDEON\" \/>\n<meta property=\"og:description\" content=\"Wysokiej jako\u015bci system rynnowy jest niezb\u0119dnym elementem ka\u017cdego domku ogrodowego z p\u0142askim lub spadzistym dachem. Dost\u0119pny w wielu wariantach kolorystycznych.\" \/>\n<meta property=\"og:url\" content=\"https:\/\/gardeon.pl\/pl\/domki-ogrodowe-na-narzedzia\/akcesoria-dodatki\/system-rynnowy-do-domkow-ogrodowych\/\" \/>\n<meta property=\"og:site_name\" content=\"GARDEON\" \/>\n<meta property=\"article:modified_time\" content=\"2026-04-25T08:37:14+00:00\" \/>\n<meta property=\"og:image\" content=\"http:\/\/gardeon.pl\/wp-content\/uploads\/2019\/09\/gardeon_logo_basic-copy.jpg\" \/>\n<meta name=\"twitter:card\" content=\"summary_large_image\" \/>\n<script type=\"application\/ld+json\" class=\"yoast-schema-graph\">{\"@context\":\"https:\\\/\\\/schema.org\",\"@graph\":[{\"@type\":\"WebPage\",\"@id\":\"https:\\\/\\\/gardeon.pl\\\/pl\\\/domki-ogrodowe-na-narzedzia\\\/akcesoria-dodatki\\\/system-rynnowy-do-domkow-ogrodowych\\\/\",\"url\":\"https:\\\/\\\/gardeon.pl\\\/pl\\\/domki-ogrodowe-na-narzedzia\\\/akcesoria-dodatki\\\/system-rynnowy-do-domkow-ogrodowych\\\/\",\"name\":\"System rynnowy do domk\u00f3w ogrodowych | Domki ogrodowe | GARDEON\",\"isPartOf\":{\"@id\":\"https:\\\/\\\/gardeon.pl\\\/#website\"},\"datePublished\":\"2026-04-23T16:17:29+00:00\",\"dateModified\":\"2026-04-25T08:37:14+00:00\",\"description\":\"Wysokiej jako\u015bci system rynnowy jest niezb\u0119dnym elementem ka\u017cdego domku ogrodowego z p\u0142askim lub spadzistym dachem. Dost\u0119pny w wielu wariantach kolorystycznych.\",\"breadcrumb\":{\"@id\":\"https:\\\/\\\/gardeon.pl\\\/pl\\\/domki-ogrodowe-na-narzedzia\\\/akcesoria-dodatki\\\/system-rynnowy-do-domkow-ogrodowych\\\/#breadcrumb\"},\"inLanguage\":\"pl-PL\",\"potentialAction\":[{\"@type\":\"ReadAction\",\"target\":[\"https:\\\/\\\/gardeon.pl\\\/pl\\\/domki-ogrodowe-na-narzedzia\\\/akcesoria-dodatki\\\/system-rynnowy-do-domkow-ogrodowych\\\/\"]}]},{\"@type\":\"BreadcrumbList\",\"@id\":\"https:\\\/\\\/gardeon.pl\\\/pl\\\/domki-ogrodowe-na-narzedzia\\\/akcesoria-dodatki\\\/system-rynnowy-do-domkow-ogrodowych\\\/#breadcrumb\",\"itemListElement\":[{\"@type\":\"ListItem\",\"position\":1,\"name\":\"Domov\",\"item\":\"https:\\\/\\\/gardeon.pl\\\/pl\\\/\"},{\"@type\":\"ListItem\",\"position\":2,\"name\":\"Domki ogrodowe na narz\u0119dzia\",\"item\":\"https:\\\/\\\/gardeon.pl\\\/pl\\\/domki-ogrodowe-na-narzedzia\\\/\"},{\"@type\":\"ListItem\",\"position\":3,\"name\":\"Akcesoria, dodatki\",\"item\":\"https:\\\/\\\/gardeon.pl\\\/pl\\\/domki-ogrodowe-na-narzedzia\\\/akcesoria-dodatki\\\/\"},{\"@type\":\"ListItem\",\"position\":4,\"name\":\"System rynnowy do domk\u00f3w ogrodowych\"}]},{\"@type\":\"WebSite\",\"@id\":\"https:\\\/\\\/gardeon.pl\\\/#website\",\"url\":\"https:\\\/\\\/gardeon.pl\\\/\",\"name\":\"GARDEON\",\"description\":\"\",\"potentialAction\":[{\"@type\":\"SearchAction\",\"target\":{\"@type\":\"EntryPoint\",\"urlTemplate\":\"https:\\\/\\\/gardeon.pl\\\/?s={search_term_string}\"},\"query-input\":{\"@type\":\"PropertyValueSpecification\",\"valueRequired\":true,\"valueName\":\"search_term_string\"}}],\"inLanguage\":\"pl-PL\"}]}<\/script>\n<!-- \/ Yoast SEO plugin. -->","yoast_head_json":{"title":"System rynnowy do domk\u00f3w ogrodowych | Domki ogrodowe | GARDEON","description":"Wysokiej jako\u015bci system rynnowy jest niezb\u0119dnym elementem ka\u017cdego domku ogrodowego z p\u0142askim lub spadzistym dachem. Dost\u0119pny w wielu wariantach kolorystycznych.","robots":{"index":"index","follow":"follow","max-snippet":"max-snippet:-1","max-image-preview":"max-image-preview:large","max-video-preview":"max-video-preview:-1"},"canonical":"https:\/\/gardeon.pl\/pl\/domki-ogrodowe-na-narzedzia\/akcesoria-dodatki\/system-rynnowy-do-domkow-ogrodowych\/","og_locale":"pl_PL","og_type":"article","og_title":"System rynnowy do domk\u00f3w ogrodowych | Domki ogrodowe | GARDEON","og_description":"Wysokiej jako\u015bci system rynnowy jest niezb\u0119dnym elementem ka\u017cdego domku ogrodowego z p\u0142askim lub spadzistym dachem. Dost\u0119pny w wielu wariantach kolorystycznych.","og_url":"https:\/\/gardeon.pl\/pl\/domki-ogrodowe-na-narzedzia\/akcesoria-dodatki\/system-rynnowy-do-domkow-ogrodowych\/","og_site_name":"GARDEON","article_modified_time":"2026-04-25T08:37:14+00:00","og_image":[{"url":"http:\/\/gardeon.pl\/wp-content\/uploads\/2019\/09\/gardeon_logo_basic-copy.jpg","type":"","width":"","height":""}],"twitter_card":"summary_large_image","schema":{"@context":"https:\/\/schema.org","@graph":[{"@type":"WebPage","@id":"https:\/\/gardeon.pl\/pl\/domki-ogrodowe-na-narzedzia\/akcesoria-dodatki\/system-rynnowy-do-domkow-ogrodowych\/","url":"https:\/\/gardeon.pl\/pl\/domki-ogrodowe-na-narzedzia\/akcesoria-dodatki\/system-rynnowy-do-domkow-ogrodowych\/","name":"System rynnowy do domk\u00f3w ogrodowych | Domki ogrodowe | GARDEON","isPartOf":{"@id":"https:\/\/gardeon.pl\/#website"},"datePublished":"2026-04-23T16:17:29+00:00","dateModified":"2026-04-25T08:37:14+00:00","description":"Wysokiej jako\u015bci system rynnowy jest niezb\u0119dnym elementem ka\u017cdego domku ogrodowego z p\u0142askim lub spadzistym dachem. Dost\u0119pny w wielu wariantach kolorystycznych.","breadcrumb":{"@id":"https:\/\/gardeon.pl\/pl\/domki-ogrodowe-na-narzedzia\/akcesoria-dodatki\/system-rynnowy-do-domkow-ogrodowych\/#breadcrumb"},"inLanguage":"pl-PL","potentialAction":[{"@type":"ReadAction","target":["https:\/\/gardeon.pl\/pl\/domki-ogrodowe-na-narzedzia\/akcesoria-dodatki\/system-rynnowy-do-domkow-ogrodowych\/"]}]},{"@type":"BreadcrumbList","@id":"https:\/\/gardeon.pl\/pl\/domki-ogrodowe-na-narzedzia\/akcesoria-dodatki\/system-rynnowy-do-domkow-ogrodowych\/#breadcrumb","itemListElement":[{"@type":"ListItem","position":1,"name":"Domov","item":"https:\/\/gardeon.pl\/pl\/"},{"@type":"ListItem","position":2,"name":"Domki ogrodowe na narz\u0119dzia","item":"https:\/\/gardeon.pl\/pl\/domki-ogrodowe-na-narzedzia\/"},{"@type":"ListItem","position":3,"name":"Akcesoria, dodatki","item":"https:\/\/gardeon.pl\/pl\/domki-ogrodowe-na-narzedzia\/akcesoria-dodatki\/"},{"@type":"ListItem","position":4,"name":"System rynnowy do domk\u00f3w ogrodowych"}]},{"@type":"WebSite","@id":"https:\/\/gardeon.pl\/#website","url":"https:\/\/gardeon.pl\/","name":"GARDEON","description":"","potentialAction":[{"@type":"SearchAction","target":{"@type":"EntryPoint","urlTemplate":"https:\/\/gardeon.pl\/?s={search_term_string}"},"query-input":{"@type":"PropertyValueSpecification","valueRequired":true,"valueName":"search_term_string"}}],"inLanguage":"pl-PL"}]}},"_links":{"self":[{"href":"https:\/\/gardeon.pl\/pl\/wp-json\/wp\/v2\/pages\/51255","targetHints":{"allow":["GET"]}}],"collection":[{"href":"https:\/\/gardeon.pl\/pl\/wp-json\/wp\/v2\/pages"}],"about":[{"href":"https:\/\/gardeon.pl\/pl\/wp-json\/wp\/v2\/types\/page"}],"author":[{"embeddable":true,"href":"https:\/\/gardeon.pl\/pl\/wp-json\/wp\/v2\/users\/1"}],"replies":[{"embeddable":true,"href":"https:\/\/gardeon.pl\/pl\/wp-json\/wp\/v2\/comments?post=51255"}],"version-history":[{"count":0,"href":"https:\/\/gardeon.pl\/pl\/wp-json\/wp\/v2\/pages\/51255\/revisions"}],"up":[{"embeddable":true,"href":"https:\/\/gardeon.pl\/pl\/wp-json\/wp\/v2\/pages\/51240"}],"wp:attachment":[{"href":"https:\/\/gardeon.pl\/pl\/wp-json\/wp\/v2\/media?parent=51255"}],"curies":[{"name":"wp","href":"https:\/\/api.w.org\/{rel}","templated":true}]}}