{"id":51276,"date":"2026-04-23T18:17:30","date_gmt":"2026-04-23T16:17:30","guid":{"rendered":"https:\/\/gardeon.pl\/domki-ogrodowe-na-narzedzia\/domek-ogrodowy-bez-montazu\/"},"modified":"2026-04-25T10:19:55","modified_gmt":"2026-04-25T08:19:55","slug":"domek-ogrodowy-bez-montazu","status":"publish","type":"page","link":"https:\/\/gardeon.pl\/pl\/domki-ogrodowe-na-narzedzia\/domek-ogrodowy-bez-montazu\/","title":{"rendered":"Domek ogrodowy bez monta\u017cu"},"content":{"rendered":"","protected":false},"excerpt":{"rendered":"","protected":false},"author":2,"featured_media":0,"parent":51181,"menu_order":0,"comment_status":"closed","ping_status":"closed","template":"","meta":{"_acf_changed":false,"inline_featured_image":false,"footnotes":""},"class_list":["post-51276","page","type-page","status-publish","hentry"],"acf":[],"yoast_head":"<!-- This site is optimized with the Yoast SEO plugin v27.4 - https:\/\/yoast.com\/product\/yoast-seo-wordpress\/ -->\n<title>Domek ogrodowy bez monta\u017cu | GARDEON<\/title>\n<meta name=\"description\" content=\"Domek ogrodowy ze szczeg\u00f3\u0142ow\u0105 instrukcj\u0105 \u0142atwego monta\u017cu. Zaoszcz\u0119d\u017a pieni\u0105dze i z\u0142\u00f3\u017c sw\u00f3j domek ogrodowy z element\u00f3w u siebie w domu ju\u017c dzi\u015b!\" \/>\n<meta name=\"robots\" content=\"index, follow, max-snippet:-1, max-image-preview:large, max-video-preview:-1\" \/>\n<link rel=\"canonical\" href=\"https:\/\/gardeon.pl\/pl\/domki-ogrodowe-na-narzedzia\/domek-ogrodowy-bez-montazu\/\" \/>\n<meta property=\"og:locale\" content=\"pl_PL\" \/>\n<meta property=\"og:type\" content=\"article\" \/>\n<meta property=\"og:title\" content=\"Domek ogrodowy bez monta\u017cu | GARDEON\" \/>\n<meta property=\"og:description\" content=\"Domek ogrodowy ze szczeg\u00f3\u0142ow\u0105 instrukcj\u0105 \u0142atwego monta\u017cu. Zaoszcz\u0119d\u017a pieni\u0105dze i z\u0142\u00f3\u017c sw\u00f3j domek ogrodowy z element\u00f3w u siebie w domu ju\u017c dzi\u015b!\" \/>\n<meta property=\"og:url\" content=\"https:\/\/gardeon.pl\/pl\/domki-ogrodowe-na-narzedzia\/domek-ogrodowy-bez-montazu\/\" \/>\n<meta property=\"og:site_name\" content=\"GARDEON\" \/>\n<meta property=\"article:modified_time\" content=\"2026-04-25T08:19:55+00:00\" \/>\n<meta property=\"og:image\" content=\"http:\/\/gardeon.pl\/wp-content\/uploads\/2019\/09\/gardeon_logo_basic-copy.jpg\" \/>\n<meta name=\"twitter:card\" content=\"summary_large_image\" \/>\n<script type=\"application\/ld+json\" class=\"yoast-schema-graph\">{\"@context\":\"https:\\\/\\\/schema.org\",\"@graph\":[{\"@type\":\"WebPage\",\"@id\":\"https:\\\/\\\/gardeon.pl\\\/pl\\\/domki-ogrodowe-na-narzedzia\\\/domek-ogrodowy-bez-montazu\\\/\",\"url\":\"https:\\\/\\\/gardeon.pl\\\/pl\\\/domki-ogrodowe-na-narzedzia\\\/domek-ogrodowy-bez-montazu\\\/\",\"name\":\"Domek ogrodowy bez monta\u017cu | GARDEON\",\"isPartOf\":{\"@id\":\"https:\\\/\\\/gardeon.pl\\\/#website\"},\"datePublished\":\"2026-04-23T16:17:30+00:00\",\"dateModified\":\"2026-04-25T08:19:55+00:00\",\"description\":\"Domek ogrodowy ze szczeg\u00f3\u0142ow\u0105 instrukcj\u0105 \u0142atwego monta\u017cu. Zaoszcz\u0119d\u017a pieni\u0105dze i z\u0142\u00f3\u017c sw\u00f3j domek ogrodowy z element\u00f3w u siebie w domu ju\u017c dzi\u015b!\",\"breadcrumb\":{\"@id\":\"https:\\\/\\\/gardeon.pl\\\/pl\\\/domki-ogrodowe-na-narzedzia\\\/domek-ogrodowy-bez-montazu\\\/#breadcrumb\"},\"inLanguage\":\"pl-PL\",\"potentialAction\":[{\"@type\":\"ReadAction\",\"target\":[\"https:\\\/\\\/gardeon.pl\\\/pl\\\/domki-ogrodowe-na-narzedzia\\\/domek-ogrodowy-bez-montazu\\\/\"]}]},{\"@type\":\"BreadcrumbList\",\"@id\":\"https:\\\/\\\/gardeon.pl\\\/pl\\\/domki-ogrodowe-na-narzedzia\\\/domek-ogrodowy-bez-montazu\\\/#breadcrumb\",\"itemListElement\":[{\"@type\":\"ListItem\",\"position\":1,\"name\":\"Domov\",\"item\":\"https:\\\/\\\/gardeon.pl\\\/pl\\\/\"},{\"@type\":\"ListItem\",\"position\":2,\"name\":\"Domki ogrodowe na narz\u0119dzia\",\"item\":\"https:\\\/\\\/gardeon.pl\\\/pl\\\/domki-ogrodowe-na-narzedzia\\\/\"},{\"@type\":\"ListItem\",\"position\":3,\"name\":\"Domek ogrodowy bez monta\u017cu\"}]},{\"@type\":\"WebSite\",\"@id\":\"https:\\\/\\\/gardeon.pl\\\/#website\",\"url\":\"https:\\\/\\\/gardeon.pl\\\/\",\"name\":\"GARDEON\",\"description\":\"\",\"potentialAction\":[{\"@type\":\"SearchAction\",\"target\":{\"@type\":\"EntryPoint\",\"urlTemplate\":\"https:\\\/\\\/gardeon.pl\\\/?s={search_term_string}\"},\"query-input\":{\"@type\":\"PropertyValueSpecification\",\"valueRequired\":true,\"valueName\":\"search_term_string\"}}],\"inLanguage\":\"pl-PL\"}]}<\/script>\n<!-- \/ Yoast SEO plugin. -->","yoast_head_json":{"title":"Domek ogrodowy bez monta\u017cu | GARDEON","description":"Domek ogrodowy ze szczeg\u00f3\u0142ow\u0105 instrukcj\u0105 \u0142atwego monta\u017cu. Zaoszcz\u0119d\u017a pieni\u0105dze i z\u0142\u00f3\u017c sw\u00f3j domek ogrodowy z element\u00f3w u siebie w domu ju\u017c dzi\u015b!","robots":{"index":"index","follow":"follow","max-snippet":"max-snippet:-1","max-image-preview":"max-image-preview:large","max-video-preview":"max-video-preview:-1"},"canonical":"https:\/\/gardeon.pl\/pl\/domki-ogrodowe-na-narzedzia\/domek-ogrodowy-bez-montazu\/","og_locale":"pl_PL","og_type":"article","og_title":"Domek ogrodowy bez monta\u017cu | GARDEON","og_description":"Domek ogrodowy ze szczeg\u00f3\u0142ow\u0105 instrukcj\u0105 \u0142atwego monta\u017cu. Zaoszcz\u0119d\u017a pieni\u0105dze i z\u0142\u00f3\u017c sw\u00f3j domek ogrodowy z element\u00f3w u siebie w domu ju\u017c dzi\u015b!","og_url":"https:\/\/gardeon.pl\/pl\/domki-ogrodowe-na-narzedzia\/domek-ogrodowy-bez-montazu\/","og_site_name":"GARDEON","article_modified_time":"2026-04-25T08:19:55+00:00","og_image":[{"url":"http:\/\/gardeon.pl\/wp-content\/uploads\/2019\/09\/gardeon_logo_basic-copy.jpg","type":"","width":"","height":""}],"twitter_card":"summary_large_image","schema":{"@context":"https:\/\/schema.org","@graph":[{"@type":"WebPage","@id":"https:\/\/gardeon.pl\/pl\/domki-ogrodowe-na-narzedzia\/domek-ogrodowy-bez-montazu\/","url":"https:\/\/gardeon.pl\/pl\/domki-ogrodowe-na-narzedzia\/domek-ogrodowy-bez-montazu\/","name":"Domek ogrodowy bez monta\u017cu | GARDEON","isPartOf":{"@id":"https:\/\/gardeon.pl\/#website"},"datePublished":"2026-04-23T16:17:30+00:00","dateModified":"2026-04-25T08:19:55+00:00","description":"Domek ogrodowy ze szczeg\u00f3\u0142ow\u0105 instrukcj\u0105 \u0142atwego monta\u017cu. Zaoszcz\u0119d\u017a pieni\u0105dze i z\u0142\u00f3\u017c sw\u00f3j domek ogrodowy z element\u00f3w u siebie w domu ju\u017c dzi\u015b!","breadcrumb":{"@id":"https:\/\/gardeon.pl\/pl\/domki-ogrodowe-na-narzedzia\/domek-ogrodowy-bez-montazu\/#breadcrumb"},"inLanguage":"pl-PL","potentialAction":[{"@type":"ReadAction","target":["https:\/\/gardeon.pl\/pl\/domki-ogrodowe-na-narzedzia\/domek-ogrodowy-bez-montazu\/"]}]},{"@type":"BreadcrumbList","@id":"https:\/\/gardeon.pl\/pl\/domki-ogrodowe-na-narzedzia\/domek-ogrodowy-bez-montazu\/#breadcrumb","itemListElement":[{"@type":"ListItem","position":1,"name":"Domov","item":"https:\/\/gardeon.pl\/pl\/"},{"@type":"ListItem","position":2,"name":"Domki ogrodowe na narz\u0119dzia","item":"https:\/\/gardeon.pl\/pl\/domki-ogrodowe-na-narzedzia\/"},{"@type":"ListItem","position":3,"name":"Domek ogrodowy bez monta\u017cu"}]},{"@type":"WebSite","@id":"https:\/\/gardeon.pl\/#website","url":"https:\/\/gardeon.pl\/","name":"GARDEON","description":"","potentialAction":[{"@type":"SearchAction","target":{"@type":"EntryPoint","urlTemplate":"https:\/\/gardeon.pl\/?s={search_term_string}"},"query-input":{"@type":"PropertyValueSpecification","valueRequired":true,"valueName":"search_term_string"}}],"inLanguage":"pl-PL"}]}},"_links":{"self":[{"href":"https:\/\/gardeon.pl\/pl\/wp-json\/wp\/v2\/pages\/51276","targetHints":{"allow":["GET"]}}],"collection":[{"href":"https:\/\/gardeon.pl\/pl\/wp-json\/wp\/v2\/pages"}],"about":[{"href":"https:\/\/gardeon.pl\/pl\/wp-json\/wp\/v2\/types\/page"}],"author":[{"embeddable":true,"href":"https:\/\/gardeon.pl\/pl\/wp-json\/wp\/v2\/users\/2"}],"replies":[{"embeddable":true,"href":"https:\/\/gardeon.pl\/pl\/wp-json\/wp\/v2\/comments?post=51276"}],"version-history":[{"count":0,"href":"https:\/\/gardeon.pl\/pl\/wp-json\/wp\/v2\/pages\/51276\/revisions"}],"up":[{"embeddable":true,"href":"https:\/\/gardeon.pl\/pl\/wp-json\/wp\/v2\/pages\/51181"}],"wp:attachment":[{"href":"https:\/\/gardeon.pl\/pl\/wp-json\/wp\/v2\/media?parent=51276"}],"curies":[{"name":"wp","href":"https:\/\/api.w.org\/{rel}","templated":true}]}}