{"id":51289,"date":"2026-04-23T18:17:41","date_gmt":"2026-04-23T16:17:41","guid":{"rendered":"https:\/\/gardeon.pl\/domki-ogrodowe-na-narzedzia\/domki-z-wiata\/"},"modified":"2026-04-25T10:36:42","modified_gmt":"2026-04-25T08:36:42","slug":"domki-z-wiata","status":"publish","type":"page","link":"https:\/\/gardeon.pl\/pl\/domki-ogrodowe-na-narzedzia\/domki-z-wiata\/","title":{"rendered":"Domki z wiat\u0105"},"content":{"rendered":"","protected":false},"excerpt":{"rendered":"","protected":false},"author":1,"featured_media":50369,"parent":51181,"menu_order":0,"comment_status":"closed","ping_status":"closed","template":"","meta":{"_acf_changed":false,"inline_featured_image":false,"footnotes":""},"class_list":["post-51289","page","type-page","status-publish","has-post-thumbnail","hentry"],"acf":[],"yoast_head":"<!-- This site is optimized with the Yoast SEO plugin v27.4 - https:\/\/yoast.com\/product\/yoast-seo-wordpress\/ -->\n<title>Ogrodowe domki na narz\u0119dzia z wiat\u0105 | GARDEON<\/title>\n<meta name=\"description\" content=\"Po\u0142\u0105czenie przyjemnego z po\u017cytecznym \u2013 tym w\u0142a\u015bnie jest ogrodowy domek na narz\u0119dzia z wiat\u0105. Wymiary, kolor i umiejscowienie wiaty zale\u017c\u0105 od Pa\u0144stwa!\" \/>\n<meta name=\"robots\" content=\"index, follow, max-snippet:-1, max-image-preview:large, max-video-preview:-1\" \/>\n<link rel=\"canonical\" href=\"https:\/\/gardeon.pl\/pl\/domki-ogrodowe-na-narzedzia\/domki-z-wiata\/\" \/>\n<meta property=\"og:locale\" content=\"pl_PL\" \/>\n<meta property=\"og:type\" content=\"article\" \/>\n<meta property=\"og:title\" content=\"Ogrodowe domki na narz\u0119dzia z wiat\u0105 | GARDEON\" \/>\n<meta property=\"og:description\" content=\"Po\u0142\u0105czenie przyjemnego z po\u017cytecznym \u2013 tym w\u0142a\u015bnie jest ogrodowy domek na narz\u0119dzia z wiat\u0105. Wymiary, kolor i umiejscowienie wiaty zale\u017c\u0105 od Pa\u0144stwa!\" \/>\n<meta property=\"og:url\" content=\"https:\/\/gardeon.pl\/pl\/domki-ogrodowe-na-narzedzia\/domki-z-wiata\/\" \/>\n<meta property=\"og:site_name\" content=\"GARDEON\" \/>\n<meta property=\"article:modified_time\" content=\"2026-04-25T08:36:42+00:00\" \/>\n<meta property=\"og:image\" content=\"https:\/\/gardeon.pl\/wp-content\/uploads\/2016\/09\/domcek-s-pristreskom.jpg\" \/>\n\t<meta property=\"og:image:width\" content=\"150\" \/>\n\t<meta property=\"og:image:height\" content=\"75\" \/>\n\t<meta property=\"og:image:type\" content=\"image\/jpeg\" \/>\n<meta name=\"twitter:card\" content=\"summary_large_image\" \/>\n<script type=\"application\/ld+json\" class=\"yoast-schema-graph\">{\"@context\":\"https:\\\/\\\/schema.org\",\"@graph\":[{\"@type\":\"WebPage\",\"@id\":\"https:\\\/\\\/gardeon.pl\\\/pl\\\/domki-ogrodowe-na-narzedzia\\\/domki-z-wiata\\\/\",\"url\":\"https:\\\/\\\/gardeon.pl\\\/pl\\\/domki-ogrodowe-na-narzedzia\\\/domki-z-wiata\\\/\",\"name\":\"Ogrodowe domki na narz\u0119dzia z wiat\u0105 | GARDEON\",\"isPartOf\":{\"@id\":\"https:\\\/\\\/gardeon.pl\\\/#website\"},\"primaryImageOfPage\":{\"@id\":\"https:\\\/\\\/gardeon.pl\\\/pl\\\/domki-ogrodowe-na-narzedzia\\\/domki-z-wiata\\\/#primaryimage\"},\"image\":{\"@id\":\"https:\\\/\\\/gardeon.pl\\\/pl\\\/domki-ogrodowe-na-narzedzia\\\/domki-z-wiata\\\/#primaryimage\"},\"thumbnailUrl\":\"https:\\\/\\\/gardeon.pl\\\/wp-content\\\/uploads\\\/2016\\\/09\\\/domcek-s-pristreskom.jpg\",\"datePublished\":\"2026-04-23T16:17:41+00:00\",\"dateModified\":\"2026-04-25T08:36:42+00:00\",\"description\":\"Po\u0142\u0105czenie przyjemnego z po\u017cytecznym \u2013 tym w\u0142a\u015bnie jest ogrodowy domek na narz\u0119dzia z wiat\u0105. Wymiary, kolor i umiejscowienie wiaty zale\u017c\u0105 od Pa\u0144stwa!\",\"breadcrumb\":{\"@id\":\"https:\\\/\\\/gardeon.pl\\\/pl\\\/domki-ogrodowe-na-narzedzia\\\/domki-z-wiata\\\/#breadcrumb\"},\"inLanguage\":\"pl-PL\",\"potentialAction\":[{\"@type\":\"ReadAction\",\"target\":[\"https:\\\/\\\/gardeon.pl\\\/pl\\\/domki-ogrodowe-na-narzedzia\\\/domki-z-wiata\\\/\"]}]},{\"@type\":\"ImageObject\",\"inLanguage\":\"pl-PL\",\"@id\":\"https:\\\/\\\/gardeon.pl\\\/pl\\\/domki-ogrodowe-na-narzedzia\\\/domki-z-wiata\\\/#primaryimage\",\"url\":\"https:\\\/\\\/gardeon.pl\\\/wp-content\\\/uploads\\\/2016\\\/09\\\/domcek-s-pristreskom.jpg\",\"contentUrl\":\"https:\\\/\\\/gardeon.pl\\\/wp-content\\\/uploads\\\/2016\\\/09\\\/domcek-s-pristreskom.jpg\",\"width\":150,\"height\":75,\"caption\":\"Nowoczesny domek ogrodowy z wiat\u0105\"},{\"@type\":\"BreadcrumbList\",\"@id\":\"https:\\\/\\\/gardeon.pl\\\/pl\\\/domki-ogrodowe-na-narzedzia\\\/domki-z-wiata\\\/#breadcrumb\",\"itemListElement\":[{\"@type\":\"ListItem\",\"position\":1,\"name\":\"Domov\",\"item\":\"https:\\\/\\\/gardeon.pl\\\/pl\\\/\"},{\"@type\":\"ListItem\",\"position\":2,\"name\":\"Domki ogrodowe na narz\u0119dzia\",\"item\":\"https:\\\/\\\/gardeon.pl\\\/pl\\\/domki-ogrodowe-na-narzedzia\\\/\"},{\"@type\":\"ListItem\",\"position\":3,\"name\":\"Domki z wiat\u0105\"}]},{\"@type\":\"WebSite\",\"@id\":\"https:\\\/\\\/gardeon.pl\\\/#website\",\"url\":\"https:\\\/\\\/gardeon.pl\\\/\",\"name\":\"GARDEON\",\"description\":\"\",\"potentialAction\":[{\"@type\":\"SearchAction\",\"target\":{\"@type\":\"EntryPoint\",\"urlTemplate\":\"https:\\\/\\\/gardeon.pl\\\/?s={search_term_string}\"},\"query-input\":{\"@type\":\"PropertyValueSpecification\",\"valueRequired\":true,\"valueName\":\"search_term_string\"}}],\"inLanguage\":\"pl-PL\"}]}<\/script>\n<!-- \/ Yoast SEO plugin. -->","yoast_head_json":{"title":"Ogrodowe domki na narz\u0119dzia z wiat\u0105 | GARDEON","description":"Po\u0142\u0105czenie przyjemnego z po\u017cytecznym \u2013 tym w\u0142a\u015bnie jest ogrodowy domek na narz\u0119dzia z wiat\u0105. Wymiary, kolor i umiejscowienie wiaty zale\u017c\u0105 od Pa\u0144stwa!","robots":{"index":"index","follow":"follow","max-snippet":"max-snippet:-1","max-image-preview":"max-image-preview:large","max-video-preview":"max-video-preview:-1"},"canonical":"https:\/\/gardeon.pl\/pl\/domki-ogrodowe-na-narzedzia\/domki-z-wiata\/","og_locale":"pl_PL","og_type":"article","og_title":"Ogrodowe domki na narz\u0119dzia z wiat\u0105 | GARDEON","og_description":"Po\u0142\u0105czenie przyjemnego z po\u017cytecznym \u2013 tym w\u0142a\u015bnie jest ogrodowy domek na narz\u0119dzia z wiat\u0105. Wymiary, kolor i umiejscowienie wiaty zale\u017c\u0105 od Pa\u0144stwa!","og_url":"https:\/\/gardeon.pl\/pl\/domki-ogrodowe-na-narzedzia\/domki-z-wiata\/","og_site_name":"GARDEON","article_modified_time":"2026-04-25T08:36:42+00:00","og_image":[{"width":150,"height":75,"url":"https:\/\/gardeon.pl\/wp-content\/uploads\/2016\/09\/domcek-s-pristreskom.jpg","type":"image\/jpeg"}],"twitter_card":"summary_large_image","schema":{"@context":"https:\/\/schema.org","@graph":[{"@type":"WebPage","@id":"https:\/\/gardeon.pl\/pl\/domki-ogrodowe-na-narzedzia\/domki-z-wiata\/","url":"https:\/\/gardeon.pl\/pl\/domki-ogrodowe-na-narzedzia\/domki-z-wiata\/","name":"Ogrodowe domki na narz\u0119dzia z wiat\u0105 | GARDEON","isPartOf":{"@id":"https:\/\/gardeon.pl\/#website"},"primaryImageOfPage":{"@id":"https:\/\/gardeon.pl\/pl\/domki-ogrodowe-na-narzedzia\/domki-z-wiata\/#primaryimage"},"image":{"@id":"https:\/\/gardeon.pl\/pl\/domki-ogrodowe-na-narzedzia\/domki-z-wiata\/#primaryimage"},"thumbnailUrl":"https:\/\/gardeon.pl\/wp-content\/uploads\/2016\/09\/domcek-s-pristreskom.jpg","datePublished":"2026-04-23T16:17:41+00:00","dateModified":"2026-04-25T08:36:42+00:00","description":"Po\u0142\u0105czenie przyjemnego z po\u017cytecznym \u2013 tym w\u0142a\u015bnie jest ogrodowy domek na narz\u0119dzia z wiat\u0105. Wymiary, kolor i umiejscowienie wiaty zale\u017c\u0105 od Pa\u0144stwa!","breadcrumb":{"@id":"https:\/\/gardeon.pl\/pl\/domki-ogrodowe-na-narzedzia\/domki-z-wiata\/#breadcrumb"},"inLanguage":"pl-PL","potentialAction":[{"@type":"ReadAction","target":["https:\/\/gardeon.pl\/pl\/domki-ogrodowe-na-narzedzia\/domki-z-wiata\/"]}]},{"@type":"ImageObject","inLanguage":"pl-PL","@id":"https:\/\/gardeon.pl\/pl\/domki-ogrodowe-na-narzedzia\/domki-z-wiata\/#primaryimage","url":"https:\/\/gardeon.pl\/wp-content\/uploads\/2016\/09\/domcek-s-pristreskom.jpg","contentUrl":"https:\/\/gardeon.pl\/wp-content\/uploads\/2016\/09\/domcek-s-pristreskom.jpg","width":150,"height":75,"caption":"Nowoczesny domek ogrodowy z wiat\u0105"},{"@type":"BreadcrumbList","@id":"https:\/\/gardeon.pl\/pl\/domki-ogrodowe-na-narzedzia\/domki-z-wiata\/#breadcrumb","itemListElement":[{"@type":"ListItem","position":1,"name":"Domov","item":"https:\/\/gardeon.pl\/pl\/"},{"@type":"ListItem","position":2,"name":"Domki ogrodowe na narz\u0119dzia","item":"https:\/\/gardeon.pl\/pl\/domki-ogrodowe-na-narzedzia\/"},{"@type":"ListItem","position":3,"name":"Domki z wiat\u0105"}]},{"@type":"WebSite","@id":"https:\/\/gardeon.pl\/#website","url":"https:\/\/gardeon.pl\/","name":"GARDEON","description":"","potentialAction":[{"@type":"SearchAction","target":{"@type":"EntryPoint","urlTemplate":"https:\/\/gardeon.pl\/?s={search_term_string}"},"query-input":{"@type":"PropertyValueSpecification","valueRequired":true,"valueName":"search_term_string"}}],"inLanguage":"pl-PL"}]}},"_links":{"self":[{"href":"https:\/\/gardeon.pl\/pl\/wp-json\/wp\/v2\/pages\/51289","targetHints":{"allow":["GET"]}}],"collection":[{"href":"https:\/\/gardeon.pl\/pl\/wp-json\/wp\/v2\/pages"}],"about":[{"href":"https:\/\/gardeon.pl\/pl\/wp-json\/wp\/v2\/types\/page"}],"author":[{"embeddable":true,"href":"https:\/\/gardeon.pl\/pl\/wp-json\/wp\/v2\/users\/1"}],"replies":[{"embeddable":true,"href":"https:\/\/gardeon.pl\/pl\/wp-json\/wp\/v2\/comments?post=51289"}],"version-history":[{"count":0,"href":"https:\/\/gardeon.pl\/pl\/wp-json\/wp\/v2\/pages\/51289\/revisions"}],"up":[{"embeddable":true,"href":"https:\/\/gardeon.pl\/pl\/wp-json\/wp\/v2\/pages\/51181"}],"wp:featuredmedia":[{"embeddable":true,"href":"https:\/\/gardeon.pl\/pl\/wp-json\/wp\/v2\/media\/50369"}],"wp:attachment":[{"href":"https:\/\/gardeon.pl\/pl\/wp-json\/wp\/v2\/media?parent=51289"}],"curies":[{"name":"wp","href":"https:\/\/api.w.org\/{rel}","templated":true}]}}