{"id":51312,"date":"2026-04-23T18:17:52","date_gmt":"2026-04-23T16:17:52","guid":{"rendered":"https:\/\/gardeon.pl\/garaze\/akcesoria-dodatki\/"},"modified":"2026-04-25T10:42:31","modified_gmt":"2026-04-25T08:42:31","slug":"akcesoria-dodatki","status":"publish","type":"page","link":"https:\/\/gardeon.pl\/pl\/garaze\/akcesoria-dodatki\/","title":{"rendered":"Akcesoria, dodatki"},"content":{"rendered":"","protected":false},"excerpt":{"rendered":"","protected":false},"author":1,"featured_media":51336,"parent":50131,"menu_order":6,"comment_status":"open","ping_status":"closed","template":"page-sidebar.php","meta":{"_acf_changed":false,"inline_featured_image":false,"footnotes":""},"class_list":["post-51312","page","type-page","status-publish","has-post-thumbnail","hentry"],"acf":[],"yoast_head":"<!-- This site is optimized with the Yoast SEO plugin v27.4 - https:\/\/yoast.com\/product\/yoast-seo-wordpress\/ -->\n<title>Dodatki do gara\u017cu | GARDEON<\/title>\n<meta name=\"description\" content=\"Niezale\u017cnie od tego, czy szukaj\u0105 Pa\u0144stwo bramy gara\u017cowej, okna czy drzwi bocznych do gara\u017cu, znajd\u0105 Pa\u0144stwo odpowiednie rozwi\u0105zanie w naszym asortymencie akcesori\u00f3w. Dodatki do gara\u017cu oferujemy w wielu wersjach.\" \/>\n<meta name=\"robots\" content=\"index, follow, max-snippet:-1, max-image-preview:large, max-video-preview:-1\" \/>\n<link rel=\"canonical\" href=\"https:\/\/gardeon.pl\/pl\/garaze\/akcesoria-dodatki\/\" \/>\n<meta property=\"og:locale\" content=\"pl_PL\" \/>\n<meta property=\"og:type\" content=\"article\" \/>\n<meta property=\"og:title\" content=\"Dodatki do gara\u017cu | GARDEON\" \/>\n<meta property=\"og:description\" content=\"Niezale\u017cnie od tego, czy szukaj\u0105 Pa\u0144stwo bramy gara\u017cowej, okna czy drzwi bocznych do gara\u017cu, znajd\u0105 Pa\u0144stwo odpowiednie rozwi\u0105zanie w naszym asortymencie akcesori\u00f3w. Dodatki do gara\u017cu oferujemy w wielu wersjach.\" \/>\n<meta property=\"og:url\" content=\"https:\/\/gardeon.pl\/pl\/garaze\/akcesoria-dodatki\/\" \/>\n<meta property=\"og:site_name\" content=\"GARDEON\" \/>\n<meta property=\"article:modified_time\" content=\"2026-04-25T08:42:31+00:00\" \/>\n<meta property=\"og:image\" content=\"http:\/\/gardeon.pl\/wp-content\/uploads\/2019\/09\/gardeon_logo_basic-copy.jpg\" \/>\n<meta name=\"twitter:card\" content=\"summary_large_image\" \/>\n<script type=\"application\/ld+json\" class=\"yoast-schema-graph\">{\"@context\":\"https:\\\/\\\/schema.org\",\"@graph\":[{\"@type\":\"WebPage\",\"@id\":\"https:\\\/\\\/gardeon.pl\\\/pl\\\/garaze\\\/akcesoria-dodatki\\\/\",\"url\":\"https:\\\/\\\/gardeon.pl\\\/pl\\\/garaze\\\/akcesoria-dodatki\\\/\",\"name\":\"Dodatki do gara\u017cu | GARDEON\",\"isPartOf\":{\"@id\":\"https:\\\/\\\/gardeon.pl\\\/#website\"},\"primaryImageOfPage\":{\"@id\":\"https:\\\/\\\/gardeon.pl\\\/pl\\\/garaze\\\/akcesoria-dodatki\\\/#primaryimage\"},\"image\":{\"@id\":\"https:\\\/\\\/gardeon.pl\\\/pl\\\/garaze\\\/akcesoria-dodatki\\\/#primaryimage\"},\"thumbnailUrl\":\"https:\\\/\\\/gardeon.pl\\\/wp-content\\\/uploads\\\/2014\\\/11\\\/ikona_doplnky.png\",\"datePublished\":\"2026-04-23T16:17:52+00:00\",\"dateModified\":\"2026-04-25T08:42:31+00:00\",\"description\":\"Niezale\u017cnie od tego, czy szukaj\u0105 Pa\u0144stwo bramy gara\u017cowej, okna czy drzwi bocznych do gara\u017cu, znajd\u0105 Pa\u0144stwo odpowiednie rozwi\u0105zanie w naszym asortymencie akcesori\u00f3w. Dodatki do gara\u017cu oferujemy w wielu wersjach.\",\"breadcrumb\":{\"@id\":\"https:\\\/\\\/gardeon.pl\\\/pl\\\/garaze\\\/akcesoria-dodatki\\\/#breadcrumb\"},\"inLanguage\":\"pl-PL\",\"potentialAction\":[{\"@type\":\"ReadAction\",\"target\":[\"https:\\\/\\\/gardeon.pl\\\/pl\\\/garaze\\\/akcesoria-dodatki\\\/\"]}]},{\"@type\":\"ImageObject\",\"inLanguage\":\"pl-PL\",\"@id\":\"https:\\\/\\\/gardeon.pl\\\/pl\\\/garaze\\\/akcesoria-dodatki\\\/#primaryimage\",\"url\":\"https:\\\/\\\/gardeon.pl\\\/wp-content\\\/uploads\\\/2014\\\/11\\\/ikona_doplnky.png\",\"contentUrl\":\"https:\\\/\\\/gardeon.pl\\\/wp-content\\\/uploads\\\/2014\\\/11\\\/ikona_doplnky.png\",\"width\":150,\"height\":75,\"caption\":\"Dodatki do gara\u017cu z dachem jednospadowym\"},{\"@type\":\"BreadcrumbList\",\"@id\":\"https:\\\/\\\/gardeon.pl\\\/pl\\\/garaze\\\/akcesoria-dodatki\\\/#breadcrumb\",\"itemListElement\":[{\"@type\":\"ListItem\",\"position\":1,\"name\":\"Domov\",\"item\":\"https:\\\/\\\/gardeon.pl\\\/pl\\\/\"},{\"@type\":\"ListItem\",\"position\":2,\"name\":\"Gara\u017ce\",\"item\":\"https:\\\/\\\/gardeon.pl\\\/pl\\\/garaze\\\/\"},{\"@type\":\"ListItem\",\"position\":3,\"name\":\"Akcesoria, dodatki\"}]},{\"@type\":\"WebSite\",\"@id\":\"https:\\\/\\\/gardeon.pl\\\/#website\",\"url\":\"https:\\\/\\\/gardeon.pl\\\/\",\"name\":\"GARDEON\",\"description\":\"\",\"potentialAction\":[{\"@type\":\"SearchAction\",\"target\":{\"@type\":\"EntryPoint\",\"urlTemplate\":\"https:\\\/\\\/gardeon.pl\\\/?s={search_term_string}\"},\"query-input\":{\"@type\":\"PropertyValueSpecification\",\"valueRequired\":true,\"valueName\":\"search_term_string\"}}],\"inLanguage\":\"pl-PL\"}]}<\/script>\n<!-- \/ Yoast SEO plugin. -->","yoast_head_json":{"title":"Dodatki do gara\u017cu | GARDEON","description":"Niezale\u017cnie od tego, czy szukaj\u0105 Pa\u0144stwo bramy gara\u017cowej, okna czy drzwi bocznych do gara\u017cu, znajd\u0105 Pa\u0144stwo odpowiednie rozwi\u0105zanie w naszym asortymencie akcesori\u00f3w. Dodatki do gara\u017cu oferujemy w wielu wersjach.","robots":{"index":"index","follow":"follow","max-snippet":"max-snippet:-1","max-image-preview":"max-image-preview:large","max-video-preview":"max-video-preview:-1"},"canonical":"https:\/\/gardeon.pl\/pl\/garaze\/akcesoria-dodatki\/","og_locale":"pl_PL","og_type":"article","og_title":"Dodatki do gara\u017cu | GARDEON","og_description":"Niezale\u017cnie od tego, czy szukaj\u0105 Pa\u0144stwo bramy gara\u017cowej, okna czy drzwi bocznych do gara\u017cu, znajd\u0105 Pa\u0144stwo odpowiednie rozwi\u0105zanie w naszym asortymencie akcesori\u00f3w. Dodatki do gara\u017cu oferujemy w wielu wersjach.","og_url":"https:\/\/gardeon.pl\/pl\/garaze\/akcesoria-dodatki\/","og_site_name":"GARDEON","article_modified_time":"2026-04-25T08:42:31+00:00","og_image":[{"url":"http:\/\/gardeon.pl\/wp-content\/uploads\/2019\/09\/gardeon_logo_basic-copy.jpg","type":"","width":"","height":""}],"twitter_card":"summary_large_image","schema":{"@context":"https:\/\/schema.org","@graph":[{"@type":"WebPage","@id":"https:\/\/gardeon.pl\/pl\/garaze\/akcesoria-dodatki\/","url":"https:\/\/gardeon.pl\/pl\/garaze\/akcesoria-dodatki\/","name":"Dodatki do gara\u017cu | GARDEON","isPartOf":{"@id":"https:\/\/gardeon.pl\/#website"},"primaryImageOfPage":{"@id":"https:\/\/gardeon.pl\/pl\/garaze\/akcesoria-dodatki\/#primaryimage"},"image":{"@id":"https:\/\/gardeon.pl\/pl\/garaze\/akcesoria-dodatki\/#primaryimage"},"thumbnailUrl":"https:\/\/gardeon.pl\/wp-content\/uploads\/2014\/11\/ikona_doplnky.png","datePublished":"2026-04-23T16:17:52+00:00","dateModified":"2026-04-25T08:42:31+00:00","description":"Niezale\u017cnie od tego, czy szukaj\u0105 Pa\u0144stwo bramy gara\u017cowej, okna czy drzwi bocznych do gara\u017cu, znajd\u0105 Pa\u0144stwo odpowiednie rozwi\u0105zanie w naszym asortymencie akcesori\u00f3w. Dodatki do gara\u017cu oferujemy w wielu wersjach.","breadcrumb":{"@id":"https:\/\/gardeon.pl\/pl\/garaze\/akcesoria-dodatki\/#breadcrumb"},"inLanguage":"pl-PL","potentialAction":[{"@type":"ReadAction","target":["https:\/\/gardeon.pl\/pl\/garaze\/akcesoria-dodatki\/"]}]},{"@type":"ImageObject","inLanguage":"pl-PL","@id":"https:\/\/gardeon.pl\/pl\/garaze\/akcesoria-dodatki\/#primaryimage","url":"https:\/\/gardeon.pl\/wp-content\/uploads\/2014\/11\/ikona_doplnky.png","contentUrl":"https:\/\/gardeon.pl\/wp-content\/uploads\/2014\/11\/ikona_doplnky.png","width":150,"height":75,"caption":"Dodatki do gara\u017cu z dachem jednospadowym"},{"@type":"BreadcrumbList","@id":"https:\/\/gardeon.pl\/pl\/garaze\/akcesoria-dodatki\/#breadcrumb","itemListElement":[{"@type":"ListItem","position":1,"name":"Domov","item":"https:\/\/gardeon.pl\/pl\/"},{"@type":"ListItem","position":2,"name":"Gara\u017ce","item":"https:\/\/gardeon.pl\/pl\/garaze\/"},{"@type":"ListItem","position":3,"name":"Akcesoria, dodatki"}]},{"@type":"WebSite","@id":"https:\/\/gardeon.pl\/#website","url":"https:\/\/gardeon.pl\/","name":"GARDEON","description":"","potentialAction":[{"@type":"SearchAction","target":{"@type":"EntryPoint","urlTemplate":"https:\/\/gardeon.pl\/?s={search_term_string}"},"query-input":{"@type":"PropertyValueSpecification","valueRequired":true,"valueName":"search_term_string"}}],"inLanguage":"pl-PL"}]}},"_links":{"self":[{"href":"https:\/\/gardeon.pl\/pl\/wp-json\/wp\/v2\/pages\/51312","targetHints":{"allow":["GET"]}}],"collection":[{"href":"https:\/\/gardeon.pl\/pl\/wp-json\/wp\/v2\/pages"}],"about":[{"href":"https:\/\/gardeon.pl\/pl\/wp-json\/wp\/v2\/types\/page"}],"author":[{"embeddable":true,"href":"https:\/\/gardeon.pl\/pl\/wp-json\/wp\/v2\/users\/1"}],"replies":[{"embeddable":true,"href":"https:\/\/gardeon.pl\/pl\/wp-json\/wp\/v2\/comments?post=51312"}],"version-history":[{"count":0,"href":"https:\/\/gardeon.pl\/pl\/wp-json\/wp\/v2\/pages\/51312\/revisions"}],"up":[{"embeddable":true,"href":"https:\/\/gardeon.pl\/pl\/wp-json\/wp\/v2\/pages\/50131"}],"wp:featuredmedia":[{"embeddable":true,"href":"https:\/\/gardeon.pl\/pl\/wp-json\/wp\/v2\/media\/51336"}],"wp:attachment":[{"href":"https:\/\/gardeon.pl\/pl\/wp-json\/wp\/v2\/media?parent=51312"}],"curies":[{"name":"wp","href":"https:\/\/api.w.org\/{rel}","templated":true}]}}